{"id":55,"date":"2023-09-26T19:45:48","date_gmt":"2023-09-26T17:45:48","guid":{"rendered":"https:\/\/hotelcentrereus.com\/?page_id=55"},"modified":"2025-05-20T17:17:43","modified_gmt":"2025-05-20T15:17:43","slug":"galeria","status":"publish","type":"page","link":"https:\/\/hotelcentrereus.com\/es\/galeria\/","title":{"rendered":"GALER\u00cdA"},"content":{"rendered":"[et_pb_section fb_built=\u00bb1&#8243; admin_label=\u00bbHeader\u00bb _builder_version=\u00bb4.23&#8243; _module_preset=\u00bbdefault\u00bb background_image=\u00bbhttps:\/\/hotelcentrereus.com\/wp-content\/uploads\/2023\/10\/IMG_0034.jpg\u00bb custom_padding=\u00bb250px||250px||true|false\u00bb collapsed=\u00bbon\u00bb global_colors_info=\u00bb{}\u00bb][\/et_pb_section][et_pb_section fb_built=\u00bb1&#8243; admin_label=\u00bbCategories\u00bb _builder_version=\u00bb4.22.2&#8243; _module_preset=\u00bbdefault\u00bb background_color=\u00bb#FFFFFF\u00bb custom_padding=\u00bb6px|||||\u00bb collapsed=\u00bbon\u00bb global_colors_info=\u00bb{}\u00bb][et_pb_row column_structure=\u00bb2_3,1_3&#8243; _builder_version=\u00bb4.17.4&#8243; _module_preset=\u00bbdefault\u00bb global_colors_info=\u00bb{}\u00bb][et_pb_column type=\u00bb2_3&#8243; _builder_version=\u00bb4.17.4&#8243; _module_preset=\u00bbdefault\u00bb global_colors_info=\u00bb{}\u00bb][et_pb_text _builder_version=\u00bb4.23&#8243; _module_preset=\u00bbb327cbe4-b1d5-4b66-ad37-40c8f2f061ba\u00bb header_2_font=\u00bb|||on|||||\u00bb header_2_text_color=\u00bb#0d232d\u00bb header_2_font_size=\u00bb40px\u00bb header_2_line_height=\u00bb1.15em\u00bb header_2_font_size_tablet=\u00bb32px\u00bb header_2_font_size_phone=\u00bb20px\u00bb header_2_font_size_last_edited=\u00bbon|phone\u00bb global_colors_info=\u00bb{}\u00bb]\n<h2><strong>CapturanDO MomentOs EspecialEs<\/strong><\/h2>\n<p style=\"text-align: justify;\"><span>Bienvenido a nuestra galer\u00eda de Im\u00e1genes del Hotel Centre Reus, donde las im\u00e1genes hablan por s\u00ed mismas. Aqu\u00ed, te invitamos a explorar una selecci\u00f3n de momentos especiales capturados a nuestro hotel y sus alrededores. Cada imagen de nuestra galer\u00eda cuenta una historia, desde la c\u00e1lida bienvenida en nuestro vest\u00edbulo hasta los detalles encantadores que hacen que tu estancia sea inolvidable.<\/span><\/p>\n[\/et_pb_text][\/et_pb_column][et_pb_column type=\u00bb1_3&#8243; _builder_version=\u00bb4.17.4&#8243; _module_preset=\u00bbdefault\u00bb global_colors_info=\u00bb{}\u00bb][et_pb_button button_url=\u00bbhttps:\/\/reservas.hotelcentrereus.com\/acinet2\/ShoppingCenter\/Step1?session=dICgAJmNzq5Hi8wrwXkbM4QPxRi8CIMs_69_1747753025278&#038;lang=ES\u00bb button_text=\u00bbHAZ TU RESERVA AHORA\u00bb button_alignment=\u00bbcenter\u00bb _builder_version=\u00bb4.27.4&#8243; _module_preset=\u00bb31b4f027-aaa0-4f2f-ae02-959764e19e4f\u00bb custom_button=\u00bbon\u00bb button_text_size=\u00bb12px\u00bb button_text_color=\u00bb#FFFFFF\u00bb button_bg_color=\u00bb#48918E\u00bb button_border_width=\u00bb0px\u00bb button_border_radius=\u00bb0px\u00bb button_letter_spacing=\u00bb0px\u00bb button_font=\u00bb|700||on|||||\u00bb custom_margin=\u00bb76px|||||\u00bb custom_padding=\u00bb16px|24px|16px|24px|true|true\u00bb hover_enabled=\u00bb0&#8243; locked=\u00bboff\u00bb global_colors_info=\u00bb{}\u00bb sticky_enabled=\u00bb0&#8243;][\/et_pb_button][\/et_pb_column][\/et_pb_row][et_pb_row _builder_version=\u00bb4.22.2&#8243; _module_preset=\u00bbdefault\u00bb global_colors_info=\u00bb{}\u00bb][et_pb_column type=\u00bb4_4&#8243; _builder_version=\u00bb4.22.2&#8243; _module_preset=\u00bbdefault\u00bb global_colors_info=\u00bb{}\u00bb][et_pb_gallery gallery_ids=\u00bb3206,3207,3208,3209,3210,3211,3212,3213,3214,3215,3217,3218,3219,3220,3221,3222,3223,3224,3225,4869&#8243; gallery_orderby=\u00bbrand\u00bb posts_number=\u00bb40&#8243; show_title_and_caption=\u00bboff\u00bb show_pagination=\u00bboff\u00bb _builder_version=\u00bb4.23.1&#8243; _module_preset=\u00bbdefault\u00bb caption_text_color=\u00bbRGBA(255,255,255,0)\u00bb module_alignment=\u00bbcenter\u00bb custom_margin=\u00bb||||false|false\u00bb custom_padding=\u00bb||||false|false\u00bb global_colors_info=\u00bb{}\u00bb][\/et_pb_gallery][\/et_pb_column][\/et_pb_row][\/et_pb_section][et_pb_section fb_built=\u00bb1&#8243; admin_label=\u00bbServices\u00bb _builder_version=\u00bb4.22.2&#8243; _module_preset=\u00bbdefault\u00bb background_color=\u00bb#F3EEE8&#8243; use_background_color_gradient=\u00bbon\u00bb background_color_gradient_stops=\u00bb#ffffff 10%|rgba(243,238,232,0) 30%\u00bb background_color_gradient_overlays_image=\u00bbon\u00bb background_image=\u00bbhttps:\/\/hotelcentrereus.com\/wp-content\/uploads\/2023\/10\/DSC_8348-HDR.jpg\u00bb custom_margin=\u00bb||||false|false\u00bb custom_padding=\u00bb16vw||16vw||true|false\u00bb locked=\u00bboff\u00bb collapsed=\u00bbon\u00bb global_colors_info=\u00bb{}\u00bb][et_pb_row column_structure=\u00bb1_2,1_2&#8243; custom_padding_last_edited=\u00bbon|phone\u00bb _builder_version=\u00bb4.22.2&#8243; _module_preset=\u00bbdefault\u00bb background_color=\u00bb#FFFFFF\u00bb custom_padding=\u00bb50px|50px||50px|false|true\u00bb custom_padding_tablet=\u00bb|30px|0px|30px|false|true\u00bb custom_padding_phone=\u00bb|20px|0px|20px|false|true\u00bb global_colors_info=\u00bb{}\u00bb][et_pb_column type=\u00bb1_2&#8243; _builder_version=\u00bb4.17.4&#8243; _module_preset=\u00bbdefault\u00bb global_colors_info=\u00bb{}\u00bb][et_pb_text _builder_version=\u00bb4.23&#8243; _module_preset=\u00bbb327cbe4-b1d5-4b66-ad37-40c8f2f061ba\u00bb header_2_font=\u00bb|||on|||||\u00bb header_2_text_color=\u00bb#48918E\u00bb header_2_font_size=\u00bb47px\u00bb header_2_line_height=\u00bb1.15em\u00bb header_2_font_size_tablet=\u00bb32px\u00bb header_2_font_size_phone=\u00bb20px\u00bb header_2_font_size_last_edited=\u00bbon|phone\u00bb global_colors_info=\u00bb{}\u00bb]\n<h2>TU HOGAR EN CADA VIAJE<\/h2>\n[\/et_pb_text][\/et_pb_column][et_pb_column type=\u00bb1_2&#8243; _builder_version=\u00bb4.17.4&#8243; _module_preset=\u00bbdefault\u00bb global_colors_info=\u00bb{}\u00bb][et_pb_button button_url=\u00bbhttps:\/\/reservas.hotelcentrereus.com\/acinet2\/ShoppingCenter\/Step1?sessionId=14082851&#038;session=vA9dzwr24eziAtZvxhxsbZBdvSEcx6oE_69_1696851846615&#038;lang=es&#038;showResult=False\u00bb button_text=\u00bbHAZ TU RESERVA AHORA\u00bb button_alignment=\u00bbcenter\u00bb _builder_version=\u00bb4.23&#8243; _module_preset=\u00bb31b4f027-aaa0-4f2f-ae02-959764e19e4f\u00bb custom_button=\u00bbon\u00bb button_text_size=\u00bb12px\u00bb button_text_color=\u00bb#FFFFFF\u00bb button_bg_color=\u00bb#48918E\u00bb button_border_width=\u00bb0px\u00bb button_border_radius=\u00bb0px\u00bb button_letter_spacing=\u00bb0px\u00bb button_font=\u00bb|700||on|||||\u00bb custom_margin=\u00bb||||false|false\u00bb custom_padding=\u00bb16px|24px|16px|24px|true|true\u00bb locked=\u00bboff\u00bb global_colors_info=\u00bb{}\u00bb][\/et_pb_button][\/et_pb_column][\/et_pb_row][et_pb_row column_structure=\u00bb1_3,1_3,1_3&#8243; custom_padding_last_edited=\u00bbon|phone\u00bb _builder_version=\u00bb4.22.2&#8243; _module_preset=\u00bbdefault\u00bb background_color=\u00bb#FFFFFF\u00bb custom_padding=\u00bb50px|50px||50px|false|true\u00bb custom_padding_tablet=\u00bb|30px|0px|30px|false|true\u00bb custom_padding_phone=\u00bb|20px|0px|20px|false|true\u00bb global_colors_info=\u00bb{}\u00bb][et_pb_column type=\u00bb1_3&#8243; _builder_version=\u00bb4.17.4&#8243; _module_preset=\u00bbdefault\u00bb global_colors_info=\u00bb{}\u00bb][et_pb_icon font_icon=\u00bb&#xf1eb;||fa||900&#8243; icon_color=\u00bb#48918E\u00bb icon_width=\u00bb32px\u00bb align=\u00bbleft\u00bb _builder_version=\u00bb4.22.2&#8243; _module_preset=\u00bbdefault\u00bb custom_margin=\u00bb||10px||false|false\u00bb global_colors_info=\u00bb{}\u00bb][\/et_pb_icon][et_pb_text _builder_version=\u00bb4.22.2&#8243; _module_preset=\u00bb4827deed-2a92-4d97-a22f-f01067ae6873&#8243; header_font=\u00bb||||||||\u00bb header_4_font=\u00bb|700||on|||||\u00bb header_4_text_color=\u00bb#0D291F\u00bb header_4_font_size=\u00bb20px\u00bb header_4_line_height=\u00bb1.4em\u00bb custom_margin=\u00bb||0px||false|false\u00bb header_4_font_size_tablet=\u00bb16px\u00bb header_4_font_size_phone=\u00bb14px\u00bb header_4_font_size_last_edited=\u00bbon|phone\u00bb global_colors_info=\u00bb{}\u00bb]\n<h4 class=\"et_pb_module_header\"><span>Free wifi<\/span><strong><\/strong><\/h4>\n[\/et_pb_text][et_pb_text _builder_version=\u00bb4.22.2&#8243; _module_preset=\u00bb4c43b4b6-66bf-432d-959a-705bda24a650&#8243; text_font=\u00bb|500|||||||\u00bb text_text_color=\u00bb#0D232D\u00bb text_line_height=\u00bb1.65em\u00bb header_font_size_tablet=\u00bb55px\u00bb header_font_size_last_edited=\u00bboff|desktop\u00bb global_colors_info=\u00bb{}\u00bb]\n<div class=\"et_pb_blurb_description\">\n<p style=\"text-align: justify;\"><span>En el Hotel Centro Reus, entendemos la importancia de estar siempre conectado. Por eso, te ofrecemos acceso Wi-Fi gratuito en todas nuestras instalaciones.<\/span><\/p>\n<\/div>\n[\/et_pb_text][\/et_pb_column][et_pb_column type=\u00bb1_3&#8243; _builder_version=\u00bb4.17.4&#8243; _module_preset=\u00bbdefault\u00bb global_colors_info=\u00bb{}\u00bb][et_pb_icon font_icon=\u00bb&#xe073;||divi||400&#8243; icon_color=\u00bb#48918E\u00bb icon_width=\u00bb32px\u00bb align=\u00bbleft\u00bb _builder_version=\u00bb4.22.2&#8243; _module_preset=\u00bbdefault\u00bb custom_margin=\u00bb||10px||false|false\u00bb global_colors_info=\u00bb{}\u00bb][\/et_pb_icon][et_pb_text _builder_version=\u00bb4.22.2&#8243; _module_preset=\u00bb4827deed-2a92-4d97-a22f-f01067ae6873&#8243; header_font=\u00bb||||||||\u00bb header_4_font=\u00bb|700||on|||||\u00bb header_4_text_color=\u00bb#0D291F\u00bb header_4_font_size=\u00bb20px\u00bb header_4_line_height=\u00bb1.4em\u00bb custom_margin=\u00bb||0px||false|false\u00bb header_4_font_size_tablet=\u00bb16px\u00bb header_4_font_size_phone=\u00bb14px\u00bb header_4_font_size_last_edited=\u00bbon|phone\u00bb global_colors_info=\u00bb{}\u00bb]\n<h4 class=\"et_pb_module_header\"><span>Welcome pack<\/span><strong><\/strong><\/h4>\n[\/et_pb_text][et_pb_text _builder_version=\u00bb4.22.2&#8243; _module_preset=\u00bb4c43b4b6-66bf-432d-959a-705bda24a650&#8243; text_font=\u00bb|500|||||||\u00bb text_text_color=\u00bb#0D232D\u00bb text_line_height=\u00bb1.65em\u00bb header_font_size_tablet=\u00bb55px\u00bb header_font_size_last_edited=\u00bboff|desktop\u00bb global_colors_info=\u00bb{}\u00bb]\n<div class=\"et_pb_blurb_description\">\n<div class=\"et_pb_blurb_description\">\n<p style=\"text-align: justify;\"><span>En el Hotel Centro Reus, tu comodidad y satisfacci\u00f3n son nuestra prioridad. Porque tu estancia satisfactoria, te ofrecemos una botella de agua de cortes\u00eda.<\/span><\/p>\n<\/div>\n<\/div>\n[\/et_pb_text][\/et_pb_column][et_pb_column type=\u00bb1_3&#8243; _builder_version=\u00bb4.17.4&#8243; _module_preset=\u00bbdefault\u00bb global_colors_info=\u00bb{}\u00bb][et_pb_icon font_icon=\u00bb&#xf273;||fa||900&#8243; icon_color=\u00bb#48918E\u00bb icon_width=\u00bb32px\u00bb align=\u00bbleft\u00bb _builder_version=\u00bb4.22.2&#8243; _module_preset=\u00bbdefault\u00bb custom_margin=\u00bb||10px||false|false\u00bb global_colors_info=\u00bb{}\u00bb][\/et_pb_icon][et_pb_text _builder_version=\u00bb4.23&#8243; _module_preset=\u00bb4827deed-2a92-4d97-a22f-f01067ae6873&#8243; header_font=\u00bb||||||||\u00bb header_4_font=\u00bb|700||on|||||\u00bb header_4_text_color=\u00bb#0D291F\u00bb header_4_font_size=\u00bb20px\u00bb header_4_line_height=\u00bb1.4em\u00bb custom_margin=\u00bb||0px||false|false\u00bb header_4_font_size_tablet=\u00bb16px\u00bb header_4_font_size_phone=\u00bb14px\u00bb header_4_font_size_last_edited=\u00bbon|phone\u00bb global_colors_info=\u00bb{}\u00bb]\n<h4 class=\"et_pb_module_header\"><span>CANCELACI\u00d3N GRATUITA <\/span><\/h4>\n[\/et_pb_text][et_pb_text _builder_version=\u00bb4.23.1&#8243; _module_preset=\u00bb4c43b4b6-66bf-432d-959a-705bda24a650&#8243; text_font=\u00bb|500|||||||\u00bb text_text_color=\u00bb#0D232D\u00bb text_line_height=\u00bb1.65em\u00bb header_font_size_tablet=\u00bb55px\u00bb header_font_size_last_edited=\u00bboff|desktop\u00bb global_colors_info=\u00bb{}\u00bb]\n<div class=\"et_pb_blurb_description\">\n<p style=\"text-align: justify;\"><span>Comprendemos que los planes pueden cambiar. Por eso, te ofrecemos la flexibilidad de cancelar tu reserva de manera gratuita si lo haces con al menos 24 horas de antelaci\u00f3n a tu fecha de llegada.<\/span><\/p>\n<p style=\"text-align: justify;\"><span><\/span><\/p>\n<\/div>\n[\/et_pb_text][et_pb_code _builder_version=\u00bb4.27.4&#8243; _module_preset=\u00bbdefault\u00bb global_colors_info=\u00bb{}\u00bb]<span class=\"collapseomatic \" id=\"id69d4c1a0c6206\"  tabindex=\"0\" title=\"\"    ><\/span><div id=\"target-id69d4c1a0c6206\" class=\"collapseomatic_content \"><!-- [et_pb_line_break_holder] -->Capturando Momentos Especiales en el Hotel Centre Reus<!-- [et_pb_line_break_holder] --><!-- [et_pb_line_break_holder] -->Bienvenido a nuestra galer\u00eda de im\u00e1genes, un espacio donde las fotos hablan por s\u00ed solas. En el Hotel Centre Reus, creemos que cada momento vivido en nuestro establecimiento es \u00fanico y merece ser recordado. Aqu\u00ed, te invitamos a explorar una cuidada selecci\u00f3n de im\u00e1genes que capturan esos momentos especiales que hacen de tu estancia algo inolvidable.<!-- [et_pb_line_break_holder] --><!-- [et_pb_line_break_holder] -->Desde la c\u00e1lida bienvenida que recibes en nuestro vest\u00edbulo, hasta los peque\u00f1os detalles encantadores en cada rinc\u00f3n, nuestras fotos muestran la esencia del Hotel Centre Reus. Cada imagen narra una historia, desde la comodidad de nuestras habitaciones hasta la atm\u00f3sfera acogedora que se respira en cada rinc\u00f3n de nuestras instalaciones. Adem\u00e1s, descubrir\u00e1s vistas \u00fanicas de los alrededores, donde la belleza de Reus se combina perfectamente con la tranquilidad que ofrecemos en nuestro hotel.<!-- [et_pb_line_break_holder] --><!-- [et_pb_line_break_holder] -->Esta galer\u00eda es solo un adelanto de lo que vivir\u00e1s al hospedarte con nosotros. Te invitamos a dejarte envolver por las im\u00e1genes y a imaginarte en un lugar donde el confort, la hospitalidad y la belleza se encuentran. En el Hotel Centre Reus, cada momento es especial y lo capturamos para ti.<!-- [et_pb_line_break_holder] --><!-- [et_pb_line_break_holder] --><\/div><!-- [et_pb_line_break_holder] -->[\/et_pb_code][\/et_pb_column][\/et_pb_row][\/et_pb_section]\n","protected":false},"excerpt":{"rendered":"<p>CapturanDO MomentOs EspecialEs Bienvenido a nuestra galer\u00eda de Im\u00e1genes del Hotel Centre Reus, donde las im\u00e1genes hablan por s\u00ed mismas. Aqu\u00ed, te invitamos a explorar una selecci\u00f3n de momentos especiales capturados a nuestro hotel y sus alrededores. Cada imagen de nuestra galer\u00eda cuenta una historia, desde la c\u00e1lida bienvenida en nuestro vest\u00edbulo hasta los detalles [&hellip;]<\/p>\n","protected":false},"author":1,"featured_media":0,"parent":0,"menu_order":0,"comment_status":"closed","ping_status":"closed","template":"","meta":{"_et_pb_use_builder":"on","_et_pb_old_content":"","_et_gb_content_width":"","footnotes":""},"class_list":["post-55","page","type-page","status-publish","hentry"],"yoast_head":"<!-- This site is optimized with the Yoast SEO plugin v26.7 - https:\/\/yoast.com\/wordpress\/plugins\/seo\/ -->\n<title>GALER\u00cdA - Hotel Centre Reus - Hotels One<\/title>\n<meta name=\"description\" content=\"Bienvenido a nuestra Galer\u00eda de Im\u00e1genes del Hotel Centre Reus. Aqu\u00ed, te invitamos a explorar una selecci\u00f3n de momentos especiales\" \/>\n<meta name=\"robots\" content=\"index, follow, max-snippet:-1, max-image-preview:large, max-video-preview:-1\" \/>\n<link rel=\"canonical\" href=\"https:\/\/hotelcentrereus.com\/galeria\/\" \/>\n<meta property=\"og:locale\" content=\"es_ES\" \/>\n<meta property=\"og:type\" content=\"article\" \/>\n<meta property=\"og:title\" content=\"GALER\u00cdA - Hotel Centre Reus - Hotels One\" \/>\n<meta property=\"og:description\" content=\"Bienvenido a nuestra Galer\u00eda de Im\u00e1genes del Hotel Centre Reus. Aqu\u00ed, te invitamos a explorar una selecci\u00f3n de momentos especiales\" \/>\n<meta property=\"og:url\" content=\"https:\/\/hotelcentrereus.com\/galeria\/\" \/>\n<meta property=\"og:site_name\" content=\"Hotel Centre Reus - Hotels One\" \/>\n<meta property=\"article:publisher\" content=\"https:\/\/www.facebook.com\/hotelcentrereus2015\" \/>\n<meta property=\"article:modified_time\" content=\"2025-05-20T15:17:43+00:00\" \/>\n<meta property=\"og:image\" content=\"https:\/\/hotelcentrereus.com\/wp-content\/uploads\/2024\/04\/IMG_0045_1-997x1024.png\" \/>\n\t<meta property=\"og:image:width\" content=\"997\" \/>\n\t<meta property=\"og:image:height\" content=\"1024\" \/>\n\t<meta property=\"og:image:type\" content=\"image\/png\" \/>\n<meta name=\"twitter:label1\" content=\"Tiempo de lectura\" \/>\n\t<meta name=\"twitter:data1\" content=\"6 minutos\" \/>\n<script type=\"application\/ld+json\" class=\"yoast-schema-graph\">{\"@context\":\"https:\/\/schema.org\",\"@graph\":[{\"@type\":\"WebPage\",\"@id\":\"https:\/\/hotelcentrereus.com\/galeria\/\",\"url\":\"https:\/\/hotelcentrereus.com\/galeria\/\",\"name\":\"GALER\u00cdA - Hotel Centre Reus - Hotels One\",\"isPartOf\":{\"@id\":\"https:\/\/hotelcentrereus.com\/#website\"},\"datePublished\":\"2023-09-26T17:45:48+00:00\",\"dateModified\":\"2025-05-20T15:17:43+00:00\",\"description\":\"Bienvenido a nuestra Galer\u00eda de Im\u00e1genes del Hotel Centre Reus. Aqu\u00ed, te invitamos a explorar una selecci\u00f3n de momentos especiales\",\"breadcrumb\":{\"@id\":\"https:\/\/hotelcentrereus.com\/galeria\/#breadcrumb\"},\"inLanguage\":\"es\",\"potentialAction\":[{\"@type\":\"ReadAction\",\"target\":[\"https:\/\/hotelcentrereus.com\/galeria\/\"]}]},{\"@type\":\"BreadcrumbList\",\"@id\":\"https:\/\/hotelcentrereus.com\/galeria\/#breadcrumb\",\"itemListElement\":[{\"@type\":\"ListItem\",\"position\":1,\"name\":\"Portada\",\"item\":\"https:\/\/hotelcentrereus.com\/es\/\"},{\"@type\":\"ListItem\",\"position\":2,\"name\":\"GALER\u00cdA\"}]},{\"@type\":\"WebSite\",\"@id\":\"https:\/\/hotelcentrereus.com\/#website\",\"url\":\"https:\/\/hotelcentrereus.com\/\",\"name\":\"Hotel Centre Reus - Hotels One\",\"description\":\"10% DE DESCUENTO AL RESERVAR EN NUESTRA WEB - El Hotel Centre Reus es un hotel peque\u00f1o de 3 estrellas situado en el centro hist\u00f3rico de Reus. Ofrece habitaciones amplias, modernas y elegantes. Con vistas excelentes a la iglesia prioral de Sant Pere.\",\"publisher\":{\"@id\":\"https:\/\/hotelcentrereus.com\/#organization\"},\"alternateName\":\"Hotel Reus\",\"potentialAction\":[{\"@type\":\"SearchAction\",\"target\":{\"@type\":\"EntryPoint\",\"urlTemplate\":\"https:\/\/hotelcentrereus.com\/?s={search_term_string}\"},\"query-input\":{\"@type\":\"PropertyValueSpecification\",\"valueRequired\":true,\"valueName\":\"search_term_string\"}}],\"inLanguage\":\"es\"},{\"@type\":\"Organization\",\"@id\":\"https:\/\/hotelcentrereus.com\/#organization\",\"name\":\"Hotel Centre Reus - Hotels One\",\"alternateName\":\"Hotel Centre\",\"url\":\"https:\/\/hotelcentrereus.com\/\",\"logo\":{\"@type\":\"ImageObject\",\"inLanguage\":\"es\",\"@id\":\"https:\/\/hotelcentrereus.com\/#\/schema\/logo\/image\/\",\"url\":\"https:\/\/hotelcentrereus.com\/wp-content\/uploads\/2024\/06\/Logos-04.png\",\"contentUrl\":\"https:\/\/hotelcentrereus.com\/wp-content\/uploads\/2024\/06\/Logos-04.png\",\"width\":399,\"height\":404,\"caption\":\"Hotel Centre Reus - Hotels One\"},\"image\":{\"@id\":\"https:\/\/hotelcentrereus.com\/#\/schema\/logo\/image\/\"},\"sameAs\":[\"https:\/\/www.facebook.com\/hotelcentrereus2015\",\"https:\/\/x.com\/HotelCentreReus\",\"https:\/\/www.instagram.com\/hotelcentrereus\/\"]}]}<\/script>\n<!-- \/ Yoast SEO plugin. -->","yoast_head_json":{"title":"GALER\u00cdA - Hotel Centre Reus - Hotels One","description":"Bienvenido a nuestra Galer\u00eda de Im\u00e1genes del Hotel Centre Reus. Aqu\u00ed, te invitamos a explorar una selecci\u00f3n de momentos especiales","robots":{"index":"index","follow":"follow","max-snippet":"max-snippet:-1","max-image-preview":"max-image-preview:large","max-video-preview":"max-video-preview:-1"},"canonical":"https:\/\/hotelcentrereus.com\/galeria\/","og_locale":"es_ES","og_type":"article","og_title":"GALER\u00cdA - Hotel Centre Reus - Hotels One","og_description":"Bienvenido a nuestra Galer\u00eda de Im\u00e1genes del Hotel Centre Reus. Aqu\u00ed, te invitamos a explorar una selecci\u00f3n de momentos especiales","og_url":"https:\/\/hotelcentrereus.com\/galeria\/","og_site_name":"Hotel Centre Reus - Hotels One","article_publisher":"https:\/\/www.facebook.com\/hotelcentrereus2015","article_modified_time":"2025-05-20T15:17:43+00:00","og_image":[{"width":997,"height":1024,"url":"https:\/\/hotelcentrereus.com\/wp-content\/uploads\/2024\/04\/IMG_0045_1-997x1024.png","type":"image\/png"}],"twitter_misc":{"Tiempo de lectura":"6 minutos"},"schema":{"@context":"https:\/\/schema.org","@graph":[{"@type":"WebPage","@id":"https:\/\/hotelcentrereus.com\/galeria\/","url":"https:\/\/hotelcentrereus.com\/galeria\/","name":"GALER\u00cdA - Hotel Centre Reus - Hotels One","isPartOf":{"@id":"https:\/\/hotelcentrereus.com\/#website"},"datePublished":"2023-09-26T17:45:48+00:00","dateModified":"2025-05-20T15:17:43+00:00","description":"Bienvenido a nuestra Galer\u00eda de Im\u00e1genes del Hotel Centre Reus. Aqu\u00ed, te invitamos a explorar una selecci\u00f3n de momentos especiales","breadcrumb":{"@id":"https:\/\/hotelcentrereus.com\/galeria\/#breadcrumb"},"inLanguage":"es","potentialAction":[{"@type":"ReadAction","target":["https:\/\/hotelcentrereus.com\/galeria\/"]}]},{"@type":"BreadcrumbList","@id":"https:\/\/hotelcentrereus.com\/galeria\/#breadcrumb","itemListElement":[{"@type":"ListItem","position":1,"name":"Portada","item":"https:\/\/hotelcentrereus.com\/es\/"},{"@type":"ListItem","position":2,"name":"GALER\u00cdA"}]},{"@type":"WebSite","@id":"https:\/\/hotelcentrereus.com\/#website","url":"https:\/\/hotelcentrereus.com\/","name":"Hotel Centre Reus - Hotels One","description":"10% DE DESCUENTO AL RESERVAR EN NUESTRA WEB - El Hotel Centre Reus es un hotel peque\u00f1o de 3 estrellas situado en el centro hist\u00f3rico de Reus. Ofrece habitaciones amplias, modernas y elegantes. Con vistas excelentes a la iglesia prioral de Sant Pere.","publisher":{"@id":"https:\/\/hotelcentrereus.com\/#organization"},"alternateName":"Hotel Reus","potentialAction":[{"@type":"SearchAction","target":{"@type":"EntryPoint","urlTemplate":"https:\/\/hotelcentrereus.com\/?s={search_term_string}"},"query-input":{"@type":"PropertyValueSpecification","valueRequired":true,"valueName":"search_term_string"}}],"inLanguage":"es"},{"@type":"Organization","@id":"https:\/\/hotelcentrereus.com\/#organization","name":"Hotel Centre Reus - Hotels One","alternateName":"Hotel Centre","url":"https:\/\/hotelcentrereus.com\/","logo":{"@type":"ImageObject","inLanguage":"es","@id":"https:\/\/hotelcentrereus.com\/#\/schema\/logo\/image\/","url":"https:\/\/hotelcentrereus.com\/wp-content\/uploads\/2024\/06\/Logos-04.png","contentUrl":"https:\/\/hotelcentrereus.com\/wp-content\/uploads\/2024\/06\/Logos-04.png","width":399,"height":404,"caption":"Hotel Centre Reus - Hotels One"},"image":{"@id":"https:\/\/hotelcentrereus.com\/#\/schema\/logo\/image\/"},"sameAs":["https:\/\/www.facebook.com\/hotelcentrereus2015","https:\/\/x.com\/HotelCentreReus","https:\/\/www.instagram.com\/hotelcentrereus\/"]}]}},"_links":{"self":[{"href":"https:\/\/hotelcentrereus.com\/es\/wp-json\/wp\/v2\/pages\/55","targetHints":{"allow":["GET"]}}],"collection":[{"href":"https:\/\/hotelcentrereus.com\/es\/wp-json\/wp\/v2\/pages"}],"about":[{"href":"https:\/\/hotelcentrereus.com\/es\/wp-json\/wp\/v2\/types\/page"}],"author":[{"embeddable":true,"href":"https:\/\/hotelcentrereus.com\/es\/wp-json\/wp\/v2\/users\/1"}],"replies":[{"embeddable":true,"href":"https:\/\/hotelcentrereus.com\/es\/wp-json\/wp\/v2\/comments?post=55"}],"version-history":[{"count":24,"href":"https:\/\/hotelcentrereus.com\/es\/wp-json\/wp\/v2\/pages\/55\/revisions"}],"predecessor-version":[{"id":5416,"href":"https:\/\/hotelcentrereus.com\/es\/wp-json\/wp\/v2\/pages\/55\/revisions\/5416"}],"wp:attachment":[{"href":"https:\/\/hotelcentrereus.com\/es\/wp-json\/wp\/v2\/media?parent=55"}],"curies":[{"name":"wp","href":"https:\/\/api.w.org\/{rel}","templated":true}]}}