{"id":41,"date":"2023-09-26T19:32:45","date_gmt":"2023-09-26T17:32:45","guid":{"rendered":"https:\/\/hotelcentrereus.com\/?page_id=41"},"modified":"2026-02-27T11:30:22","modified_gmt":"2026-02-27T10:30:22","slug":"politica-de-cancelacion","status":"publish","type":"page","link":"https:\/\/hotelcentrereus.com\/es\/politica-de-cancelacion\/","title":{"rendered":"POL\u00cdTICA DE CANCELACI\u00d3N"},"content":{"rendered":"<section class=\"elementor-section elementor-top-section elementor-element elementor-element-35ca1f9f elementor-section-boxed elementor-section-height-default elementor-section-height-default\" data-id=\"35ca1f9f\" data-element_type=\"section\">\n<div class=\"elementor-container elementor-column-gap-default\">\n<div class=\"elementor-column elementor-col-100 elementor-top-column elementor-element elementor-element-52168b14\" data-id=\"52168b14\" data-element_type=\"column\">\n<div class=\"elementor-widget-wrap elementor-element-populated\">\n<div class=\"elementor-element elementor-element-c956923 elementor-widget elementor-widget-text-editor\" data-id=\"c956923\" data-element_type=\"widget\" data-widget_type=\"text-editor.default\">\n<div class=\"elementor-widget-container\">\n<p style=\"font-weight: 400;\">Cancelaciones o modificaciones efectuadas hasta 24 horas antes de la llegada no se cobrar\u00e1 penalizaci\u00f3n. Se podr\u00e1 cancelar o modificar la reserva hasta las 11:59h del d\u00eda anterior a la llegada.<\/p>\n<p style=\"font-weight: 400;\">Las reservas de grupos tendr\u00e1n preci\u00f3s y condiciones especiales previamente pactadas.<\/p>\n<p style=\"font-weight: 400;\">Hora de entrada : A partir de las 15:00 h<\/p>\n<p style=\"font-weight: 400;\">Hora de salida : Antes las 12:00 h<\/p>\n<p>&nbsp;<\/p>\n<p style=\"font-weight: 400;\"><strong>CANCELACIONES UNA VEZ TRAMITADO EL CHECK-IN<\/strong><\/p>\n<p style=\"font-weight: 400;\">Durante el periodo de alojamiento el cliente puede cancelar su estancia e irse antes de lo previsto teniendo en cuenta que existen unas cl\u00e1usulas de cancelaci\u00f3n previamente informadas. En caso que la reserva la haya tramitado una agencia de Viajes o una p\u00e0gina web distinta a la pr\u00f2pia del hotel, deber\u00e1 ponerse en contacto con ellos y consultar las pol\u00edticas de \u00e9sta. En las reservas no reembolsables, cheques o bonos, no existe devoluci\u00f3n del dinero, la penalizaci\u00f3n es del 100 %.<\/p>\n<\/div>\n<\/div>\n<\/div>\n<div class=\"elementor-widget-wrap elementor-element-populated\">\n<div class=\"elementor-element elementor-element-c956923 elementor-widget elementor-widget-text-editor\" data-id=\"c956923\" data-element_type=\"widget\" data-widget_type=\"text-editor.default\">\n<p>&nbsp;<\/p>\n<\/div>\n<\/div>\n<\/div>\n<\/div>\n<\/section>\n","protected":false},"excerpt":{"rendered":"<p>Cancelaciones o modificaciones efectuadas hasta 24 horas antes de la llegada no se cobrar\u00e1 penalizaci\u00f3n. Se podr\u00e1 cancelar o modificar la reserva hasta las 11:59h del d\u00eda anterior a la llegada. Las reservas de grupos tendr\u00e1n preci\u00f3s y condiciones especiales previamente pactadas. Hora de entrada : A partir de las 15:00 h Hora de salida [&hellip;]<\/p>\n","protected":false},"author":1,"featured_media":0,"parent":0,"menu_order":0,"comment_status":"closed","ping_status":"closed","template":"","meta":{"_et_pb_use_builder":"off","_et_pb_old_content":"","_et_gb_content_width":"","footnotes":""},"class_list":["post-41","page","type-page","status-publish","hentry"],"yoast_head":"<!-- This site is optimized with the Yoast SEO plugin v26.7 - https:\/\/yoast.com\/wordpress\/plugins\/seo\/ -->\n<title>POL\u00cdTICA DE CANCELACI\u00d3N - Hotel Centre Reus - Hotels One<\/title>\n<meta name=\"description\" content=\"Inf\u00f3rmate sobre nuestra pol\u00edtica de cancelaci\u00f3n de cualquier reserva realizada en nuestro Hotel Centre Reus.\" \/>\n<meta name=\"robots\" content=\"index, follow, max-snippet:-1, max-image-preview:large, max-video-preview:-1\" \/>\n<link rel=\"canonical\" href=\"https:\/\/hotelcentrereus.com\/es\/politica-de-cancelacion\/\" \/>\n<meta property=\"og:locale\" content=\"es_ES\" \/>\n<meta property=\"og:type\" content=\"article\" \/>\n<meta property=\"og:title\" content=\"POL\u00cdTICA DE CANCELACI\u00d3N - Hotel Centre Reus - Hotels One\" \/>\n<meta property=\"og:description\" content=\"Inf\u00f3rmate sobre nuestra pol\u00edtica de cancelaci\u00f3n de cualquier reserva realizada en nuestro Hotel Centre Reus.\" \/>\n<meta property=\"og:url\" content=\"https:\/\/hotelcentrereus.com\/es\/politica-de-cancelacion\/\" \/>\n<meta property=\"og:site_name\" content=\"Hotel Centre Reus - Hotels One\" \/>\n<meta property=\"article:publisher\" content=\"https:\/\/www.facebook.com\/hotelcentrereus2015\" \/>\n<meta property=\"article:modified_time\" content=\"2026-02-27T10:30:22+00:00\" \/>\n<meta property=\"og:image\" content=\"https:\/\/hotelcentrereus.com\/wp-content\/uploads\/2024\/04\/IMG_0045_1-997x1024.png\" \/>\n\t<meta property=\"og:image:width\" content=\"997\" \/>\n\t<meta property=\"og:image:height\" content=\"1024\" \/>\n\t<meta property=\"og:image:type\" content=\"image\/png\" \/>\n<meta name=\"twitter:label1\" content=\"Tiempo de lectura\" \/>\n\t<meta name=\"twitter:data1\" content=\"1 minuto\" \/>\n<script type=\"application\/ld+json\" class=\"yoast-schema-graph\">{\"@context\":\"https:\/\/schema.org\",\"@graph\":[{\"@type\":\"WebPage\",\"@id\":\"https:\/\/hotelcentrereus.com\/es\/politica-de-cancelacion\/\",\"url\":\"https:\/\/hotelcentrereus.com\/es\/politica-de-cancelacion\/\",\"name\":\"POL\u00cdTICA DE CANCELACI\u00d3N - Hotel Centre Reus - Hotels One\",\"isPartOf\":{\"@id\":\"https:\/\/hotelcentrereus.com\/#website\"},\"datePublished\":\"2023-09-26T17:32:45+00:00\",\"dateModified\":\"2026-02-27T10:30:22+00:00\",\"description\":\"Inf\u00f3rmate sobre nuestra pol\u00edtica de cancelaci\u00f3n de cualquier reserva realizada en nuestro Hotel Centre Reus.\",\"breadcrumb\":{\"@id\":\"https:\/\/hotelcentrereus.com\/es\/politica-de-cancelacion\/#breadcrumb\"},\"inLanguage\":\"es\",\"potentialAction\":[{\"@type\":\"ReadAction\",\"target\":[\"https:\/\/hotelcentrereus.com\/es\/politica-de-cancelacion\/\"]}]},{\"@type\":\"BreadcrumbList\",\"@id\":\"https:\/\/hotelcentrereus.com\/es\/politica-de-cancelacion\/#breadcrumb\",\"itemListElement\":[{\"@type\":\"ListItem\",\"position\":1,\"name\":\"Portada\",\"item\":\"https:\/\/hotelcentrereus.com\/es\/\"},{\"@type\":\"ListItem\",\"position\":2,\"name\":\"POL\u00cdTICA DE CANCELACI\u00d3N\"}]},{\"@type\":\"WebSite\",\"@id\":\"https:\/\/hotelcentrereus.com\/#website\",\"url\":\"https:\/\/hotelcentrereus.com\/\",\"name\":\"Hotel Centre Reus - Hotels One\",\"description\":\"10% DE DESCUENTO AL RESERVAR EN NUESTRA WEB - El Hotel Centre Reus es un hotel peque\u00f1o de 3 estrellas situado en el centro hist\u00f3rico de Reus. Ofrece habitaciones amplias, modernas y elegantes. Con vistas excelentes a la iglesia prioral de Sant Pere.\",\"publisher\":{\"@id\":\"https:\/\/hotelcentrereus.com\/#organization\"},\"alternateName\":\"Hotel Reus\",\"potentialAction\":[{\"@type\":\"SearchAction\",\"target\":{\"@type\":\"EntryPoint\",\"urlTemplate\":\"https:\/\/hotelcentrereus.com\/?s={search_term_string}\"},\"query-input\":{\"@type\":\"PropertyValueSpecification\",\"valueRequired\":true,\"valueName\":\"search_term_string\"}}],\"inLanguage\":\"es\"},{\"@type\":\"Organization\",\"@id\":\"https:\/\/hotelcentrereus.com\/#organization\",\"name\":\"Hotel Centre Reus - Hotels One\",\"alternateName\":\"Hotel Centre\",\"url\":\"https:\/\/hotelcentrereus.com\/\",\"logo\":{\"@type\":\"ImageObject\",\"inLanguage\":\"es\",\"@id\":\"https:\/\/hotelcentrereus.com\/#\/schema\/logo\/image\/\",\"url\":\"https:\/\/hotelcentrereus.com\/wp-content\/uploads\/2024\/06\/Logos-04.png\",\"contentUrl\":\"https:\/\/hotelcentrereus.com\/wp-content\/uploads\/2024\/06\/Logos-04.png\",\"width\":399,\"height\":404,\"caption\":\"Hotel Centre Reus - Hotels One\"},\"image\":{\"@id\":\"https:\/\/hotelcentrereus.com\/#\/schema\/logo\/image\/\"},\"sameAs\":[\"https:\/\/www.facebook.com\/hotelcentrereus2015\",\"https:\/\/x.com\/HotelCentreReus\",\"https:\/\/www.instagram.com\/hotelcentrereus\/\"]}]}<\/script>\n<!-- \/ Yoast SEO plugin. -->","yoast_head_json":{"title":"POL\u00cdTICA DE CANCELACI\u00d3N - Hotel Centre Reus - Hotels One","description":"Inf\u00f3rmate sobre nuestra pol\u00edtica de cancelaci\u00f3n de cualquier reserva realizada en nuestro Hotel Centre Reus.","robots":{"index":"index","follow":"follow","max-snippet":"max-snippet:-1","max-image-preview":"max-image-preview:large","max-video-preview":"max-video-preview:-1"},"canonical":"https:\/\/hotelcentrereus.com\/es\/politica-de-cancelacion\/","og_locale":"es_ES","og_type":"article","og_title":"POL\u00cdTICA DE CANCELACI\u00d3N - Hotel Centre Reus - Hotels One","og_description":"Inf\u00f3rmate sobre nuestra pol\u00edtica de cancelaci\u00f3n de cualquier reserva realizada en nuestro Hotel Centre Reus.","og_url":"https:\/\/hotelcentrereus.com\/es\/politica-de-cancelacion\/","og_site_name":"Hotel Centre Reus - Hotels One","article_publisher":"https:\/\/www.facebook.com\/hotelcentrereus2015","article_modified_time":"2026-02-27T10:30:22+00:00","og_image":[{"width":997,"height":1024,"url":"https:\/\/hotelcentrereus.com\/wp-content\/uploads\/2024\/04\/IMG_0045_1-997x1024.png","type":"image\/png"}],"twitter_misc":{"Tiempo de lectura":"1 minuto"},"schema":{"@context":"https:\/\/schema.org","@graph":[{"@type":"WebPage","@id":"https:\/\/hotelcentrereus.com\/es\/politica-de-cancelacion\/","url":"https:\/\/hotelcentrereus.com\/es\/politica-de-cancelacion\/","name":"POL\u00cdTICA DE CANCELACI\u00d3N - Hotel Centre Reus - Hotels One","isPartOf":{"@id":"https:\/\/hotelcentrereus.com\/#website"},"datePublished":"2023-09-26T17:32:45+00:00","dateModified":"2026-02-27T10:30:22+00:00","description":"Inf\u00f3rmate sobre nuestra pol\u00edtica de cancelaci\u00f3n de cualquier reserva realizada en nuestro Hotel Centre Reus.","breadcrumb":{"@id":"https:\/\/hotelcentrereus.com\/es\/politica-de-cancelacion\/#breadcrumb"},"inLanguage":"es","potentialAction":[{"@type":"ReadAction","target":["https:\/\/hotelcentrereus.com\/es\/politica-de-cancelacion\/"]}]},{"@type":"BreadcrumbList","@id":"https:\/\/hotelcentrereus.com\/es\/politica-de-cancelacion\/#breadcrumb","itemListElement":[{"@type":"ListItem","position":1,"name":"Portada","item":"https:\/\/hotelcentrereus.com\/es\/"},{"@type":"ListItem","position":2,"name":"POL\u00cdTICA DE CANCELACI\u00d3N"}]},{"@type":"WebSite","@id":"https:\/\/hotelcentrereus.com\/#website","url":"https:\/\/hotelcentrereus.com\/","name":"Hotel Centre Reus - Hotels One","description":"10% DE DESCUENTO AL RESERVAR EN NUESTRA WEB - El Hotel Centre Reus es un hotel peque\u00f1o de 3 estrellas situado en el centro hist\u00f3rico de Reus. Ofrece habitaciones amplias, modernas y elegantes. Con vistas excelentes a la iglesia prioral de Sant Pere.","publisher":{"@id":"https:\/\/hotelcentrereus.com\/#organization"},"alternateName":"Hotel Reus","potentialAction":[{"@type":"SearchAction","target":{"@type":"EntryPoint","urlTemplate":"https:\/\/hotelcentrereus.com\/?s={search_term_string}"},"query-input":{"@type":"PropertyValueSpecification","valueRequired":true,"valueName":"search_term_string"}}],"inLanguage":"es"},{"@type":"Organization","@id":"https:\/\/hotelcentrereus.com\/#organization","name":"Hotel Centre Reus - Hotels One","alternateName":"Hotel Centre","url":"https:\/\/hotelcentrereus.com\/","logo":{"@type":"ImageObject","inLanguage":"es","@id":"https:\/\/hotelcentrereus.com\/#\/schema\/logo\/image\/","url":"https:\/\/hotelcentrereus.com\/wp-content\/uploads\/2024\/06\/Logos-04.png","contentUrl":"https:\/\/hotelcentrereus.com\/wp-content\/uploads\/2024\/06\/Logos-04.png","width":399,"height":404,"caption":"Hotel Centre Reus - Hotels One"},"image":{"@id":"https:\/\/hotelcentrereus.com\/#\/schema\/logo\/image\/"},"sameAs":["https:\/\/www.facebook.com\/hotelcentrereus2015","https:\/\/x.com\/HotelCentreReus","https:\/\/www.instagram.com\/hotelcentrereus\/"]}]}},"_links":{"self":[{"href":"https:\/\/hotelcentrereus.com\/es\/wp-json\/wp\/v2\/pages\/41","targetHints":{"allow":["GET"]}}],"collection":[{"href":"https:\/\/hotelcentrereus.com\/es\/wp-json\/wp\/v2\/pages"}],"about":[{"href":"https:\/\/hotelcentrereus.com\/es\/wp-json\/wp\/v2\/types\/page"}],"author":[{"embeddable":true,"href":"https:\/\/hotelcentrereus.com\/es\/wp-json\/wp\/v2\/users\/1"}],"replies":[{"embeddable":true,"href":"https:\/\/hotelcentrereus.com\/es\/wp-json\/wp\/v2\/comments?post=41"}],"version-history":[{"count":10,"href":"https:\/\/hotelcentrereus.com\/es\/wp-json\/wp\/v2\/pages\/41\/revisions"}],"predecessor-version":[{"id":5789,"href":"https:\/\/hotelcentrereus.com\/es\/wp-json\/wp\/v2\/pages\/41\/revisions\/5789"}],"wp:attachment":[{"href":"https:\/\/hotelcentrereus.com\/es\/wp-json\/wp\/v2\/media?parent=41"}],"curies":[{"name":"wp","href":"https:\/\/api.w.org\/{rel}","templated":true}]}}