{"id":15,"date":"2023-09-26T19:21:47","date_gmt":"2023-09-26T17:21:47","guid":{"rendered":"https:\/\/hotelcentrereus.com\/politica-de-cookies\/"},"modified":"2026-02-06T09:45:05","modified_gmt":"2026-02-06T08:45:05","slug":"politica-de-cookies","status":"publish","type":"page","link":"https:\/\/hotelcentrereus.com\/es\/politica-de-cookies\/","title":{"rendered":"POL\u00cdTICA DE COOKIES"},"content":{"rendered":"<h1>Pol\u00edtica de cookies<\/h1>\n<p><span style=\"font-size: 10.0pt; font-family: 'Verdana',sans-serif;\">Una cookie es un peque\u00f1o archivo de texto que se almacena en su navegador o en su dispositivo (ordenador, smartphone, tableta, etc.) cuando visita casi cualquier p\u00e1gina web. Su utilidad es que la web sea capaz de recordar su visita cuando vuelva a navegar por esa p\u00e1gina. Las cookies suelen almacenar informaci\u00f3n de car\u00e1cter t\u00e9cnico, preferencias personales, personalizaci\u00f3n de contenidos, estad\u00edsticas de uso, enlaces a redes sociales, acceso a cuentas de usuario, etc. El objetivo de la cookie es adaptar el contenido de la web a su perfil y necesidades; sin cookies, los servicios ofrecidos por cualquier p\u00e1gina se ver\u00edan notablemente mermados. En el caso de las cookies no t\u00e9cnicas (por ejemplo, anal\u00edticas o publicitarias), la base jur\u00eddica para su uso suele ser su consentimiento, que puede revocar en cualquier momento.<\/span><\/p>\n<p><span style=\"font-size: 10.0pt; font-family: 'Verdana',sans-serif;\"><br \/>\nSi desea consultar m\u00e1s informaci\u00f3n sobre qu\u00e9 son las cookies, qu\u00e9 almacenan, c\u00f3mo eliminarlas, desactivarlas, etc., puede consultar la documentaci\u00f3n informativa de la Agencia Espa\u00f1ola de Protecci\u00f3n de Datos y de otras autoridades de control europeas, accesible desde sus p\u00e1ginas web oficiales.<\/span><\/p>\n<p>&nbsp;<\/p>\n<h2>Cookies utilizadas en este sitio web<\/h2>\n<p>Siguiendo las directrices de la Agencia Espa\u00f1ola de Protecci\u00f3n de Datos y de la normativa en materia de protecci\u00f3n de datos y servicios de la sociedad de la informaci\u00f3n, procedemos a detallar el uso de cookies que realiza esta web con la finalidad de informarle con la m\u00e1xima exactitud posible.<br \/>\nEste sitio web, gestionado por HOTELS ONE (en adelante, el \u201cSitio Web\u201d), puede utilizar diferentes tipolog\u00edas de cookies en funci\u00f3n de los servicios que se ofrezcan en cada momento.<br \/>\nEn su primera visita al Sitio Web se le mostrar\u00e1 un banner o panel de configuraci\u00f3n de cookies desde el que podr\u00e1 aceptarlas, rechazarlas o configurarlas de manera granular, de acuerdo con sus preferencias. Puede modificar su configuraci\u00f3n en cualquier momento a trav\u00e9s del mismo panel (por ejemplo, mediante el enlace \u201cConfiguraci\u00f3n de cookies\u201d situado al pie de p\u00e1gina).<\/p>\n<p>Este sitio web utiliza las siguientes cookies propias:<\/p>\n<ul>\n<li>Cookies de sesi\u00f3n, necesarias para el correcto funcionamiento del Sitio Web, la gesti\u00f3n de la navegaci\u00f3n, el acceso a \u00e1reas con acceso restringido y, en su caso, para garantizar que los usuarios que escriban comentarios o hagan uso de formularios sean humanos y no aplicaciones automatizadas. De este modo se combate el spam y se preserva la seguridad del Sitio Web.<\/li>\n<\/ul>\n<p>&nbsp;<\/p>\n<p>Este sitio web utiliza las siguientes cookies de terceros<strong>:<\/strong><\/p>\n<ul>\n<li>Google Analytics: Este servicio de anal\u00edtica web, prestado por Google LLC o empresas de su grupo, puede almacenar cookies con la finalidad de elaborar estad\u00edsticas sobre el tr\u00e1fico y el volumen de visitas de este Sitio Web, as\u00ed como para comprender el uso que hacen los usuarios y mejorar su funcionalidad y contenidos. La informaci\u00f3n generada por estas cookies (incluida, en su caso, la direcci\u00f3n IP truncada) puede ser transmitida y almacenada en servidores de Google, que pueden estar ubicados fuera del Espacio Econ\u00f3mico Europeo. Al utilizar este Sitio Web, y siempre que haya prestado su consentimiento mediante el panel de configuraci\u00f3n, usted consiente el tratamiento de informaci\u00f3n sobre su navegaci\u00f3n por parte de Google para las finalidades indicadas.<\/li>\n<\/ul>\n<p>Google tratar\u00e1 los datos de acuerdo con su propia pol\u00edtica de privacidad y de uso de cookies, en la que se indican tambi\u00e9n los mecanismos de seguridad y, en su caso, las garant\u00edas aplicables en caso de transferencias internacionales de datos. Para ejercer los derechos de acceso, rectificaci\u00f3n, supresi\u00f3n u otros derechos en materia de protecci\u00f3n de datos respecto de la informaci\u00f3n tratada por Google, deber\u00e1 dirigirse directamente a dicha entidad a trav\u00e9s de los canales que figuran en su pol\u00edtica de privacidad.<\/p>\n<ul>\n<li>Redes sociales: Cada red social utiliza sus propias cookies para que usted pueda hacer clic en botones del tipo Me gusta o Compartir y para que pueda iniciar sesi\u00f3n mediante sus cuentas en dichas plataformas o interactuar con contenidos integrados (por ejemplo, widgets, v\u00eddeos o plugins sociales). Estas cookies son gestionadas directamente por las plataformas correspondientes de acuerdo con sus propias pol\u00edticas de privacidad y de cookies.<\/li>\n<\/ul>\n<h2><\/h2>\n<h2>Desactivaci\u00f3n o eliminaci\u00f3n de cookies<\/h2>\n<p>En cualquier momento podr\u00e1 ejercer su derecho de desactivaci\u00f3n o eliminaci\u00f3n de cookies de este sitio web. Estas acciones se realizan de manera diferente en funci\u00f3n del navegador que est\u00e9 utilizando. En general, puede configurar el navegador para que rechace todas las cookies, solo algunas, o para que elimine autom\u00e1ticamente las que se hayan instalado al finalizar la sesi\u00f3n.<\/p>\n<p>Para m\u00e1s informaci\u00f3n pr\u00e1ctica, puede consultar las secciones de ayuda o configuraci\u00f3n de privacidad de los navegadores m\u00e1s habituales (como Chrome, Firefox, Safari, Edge u otros), donde se indican los pasos concretos para gestionar las cookies.<\/p>\n<p>&nbsp;<\/p>\n<p>&nbsp;<\/p>\n<h2>Notas adicionales<\/h2>\n<ul>\n<li>Ni esta web ni sus representantes legales se hacen responsables ni del contenido ni de la veracidad de las pol\u00edticas de privacidad que puedan tener los terceros mencionados en esta pol\u00edtica de cookies.<\/li>\n<li>Los navegadores web son las herramientas encargadas de almacenar las cookies y desde estos debe ejercer su derecho a la eliminaci\u00f3n o desactivaci\u00f3n de las mismas. Ni esta web ni sus representantes legales pueden garantizar la correcta o incorrecta manipulaci\u00f3n de las cookies por parte de los mencionados navegadores.<\/li>\n<li>En algunos casos es necesario instalar cookies para que el navegador no olvide su decisi\u00f3n de no aceptaci\u00f3n de las mismas.<\/li>\n<li>En lo que respecta a las cookies de anal\u00edtica o de otros terceros, dichos terceros pueden encontrarse ubicados fuera del Espacio Econ\u00f3mico Europeo. En estos casos, se adoptar\u00e1n las garant\u00edas adecuadas para asegurar un nivel de protecci\u00f3n equivalente al de la normativa europea, de acuerdo con los mecanismos previstos legalmente en cada momento (por ejemplo, cl\u00e1usulas contractuales tipo u otras decisiones de adecuaci\u00f3n aplicables).<\/li>\n<li>Le recomendamos que revise peri\u00f3dicamente esta Pol\u00edtica de Cookies, ya que puede ser objeto de actualizaci\u00f3n para incorporar cambios t\u00e9cnicos, nuevos servicios o adaptaciones normativas. La fecha de la \u00faltima actualizaci\u00f3n constar\u00e1, en su caso, en la parte inferior del documento.<\/li>\n<\/ul>\n","protected":false},"excerpt":{"rendered":"<p>Pol\u00edtica de cookies Una cookie es un peque\u00f1o archivo de texto que se almacena en su navegador o en su dispositivo (ordenador, smartphone, tableta, etc.) cuando visita casi cualquier p\u00e1gina web. Su utilidad es que la web sea capaz de recordar su visita cuando vuelva a navegar por esa p\u00e1gina. Las cookies suelen almacenar informaci\u00f3n [&hellip;]<\/p>\n","protected":false},"author":1,"featured_media":0,"parent":0,"menu_order":0,"comment_status":"closed","ping_status":"closed","template":"","meta":{"_et_pb_use_builder":"","_et_pb_old_content":"","_et_gb_content_width":"","footnotes":""},"class_list":["post-15","page","type-page","status-publish","hentry"],"yoast_head":"<!-- This site is optimized with the Yoast SEO plugin v26.7 - https:\/\/yoast.com\/wordpress\/plugins\/seo\/ -->\n<title>POL\u00cdTICA DE COOKIES - Hotel Centre Reus - Hotels One<\/title>\n<meta name=\"description\" content=\"Consulta nuestra pol\u00edtica de cookies. Una cookie es un peque\u00f1o fichero de texto que se almacena en su navegador.\" \/>\n<meta name=\"robots\" content=\"index, follow, max-snippet:-1, max-image-preview:large, max-video-preview:-1\" \/>\n<link rel=\"canonical\" href=\"https:\/\/hotelcentrereus.com\/es\/politica-de-cookies\/\" \/>\n<meta property=\"og:locale\" content=\"es_ES\" \/>\n<meta property=\"og:type\" content=\"article\" \/>\n<meta property=\"og:title\" content=\"POL\u00cdTICA DE COOKIES - Hotel Centre Reus - Hotels One\" \/>\n<meta property=\"og:description\" content=\"Consulta nuestra pol\u00edtica de cookies. Una cookie es un peque\u00f1o fichero de texto que se almacena en su navegador.\" \/>\n<meta property=\"og:url\" content=\"https:\/\/hotelcentrereus.com\/es\/politica-de-cookies\/\" \/>\n<meta property=\"og:site_name\" content=\"Hotel Centre Reus - Hotels One\" \/>\n<meta property=\"article:publisher\" content=\"https:\/\/www.facebook.com\/hotelcentrereus2015\" \/>\n<meta property=\"article:modified_time\" content=\"2026-02-06T08:45:05+00:00\" \/>\n<meta property=\"og:image\" content=\"https:\/\/hotelcentrereus.com\/wp-content\/uploads\/2024\/04\/IMG_0045_1-997x1024.png\" \/>\n\t<meta property=\"og:image:width\" content=\"997\" \/>\n\t<meta property=\"og:image:height\" content=\"1024\" \/>\n\t<meta property=\"og:image:type\" content=\"image\/png\" \/>\n<meta name=\"twitter:label1\" content=\"Tiempo de lectura\" \/>\n\t<meta name=\"twitter:data1\" content=\"5 minutos\" \/>\n<script type=\"application\/ld+json\" class=\"yoast-schema-graph\">{\"@context\":\"https:\/\/schema.org\",\"@graph\":[{\"@type\":\"WebPage\",\"@id\":\"https:\/\/hotelcentrereus.com\/es\/politica-de-cookies\/\",\"url\":\"https:\/\/hotelcentrereus.com\/es\/politica-de-cookies\/\",\"name\":\"POL\u00cdTICA DE COOKIES - Hotel Centre Reus - Hotels One\",\"isPartOf\":{\"@id\":\"https:\/\/hotelcentrereus.com\/#website\"},\"datePublished\":\"2023-09-26T17:21:47+00:00\",\"dateModified\":\"2026-02-06T08:45:05+00:00\",\"description\":\"Consulta nuestra pol\u00edtica de cookies. Una cookie es un peque\u00f1o fichero de texto que se almacena en su navegador.\",\"breadcrumb\":{\"@id\":\"https:\/\/hotelcentrereus.com\/es\/politica-de-cookies\/#breadcrumb\"},\"inLanguage\":\"es\",\"potentialAction\":[{\"@type\":\"ReadAction\",\"target\":[\"https:\/\/hotelcentrereus.com\/es\/politica-de-cookies\/\"]}]},{\"@type\":\"BreadcrumbList\",\"@id\":\"https:\/\/hotelcentrereus.com\/es\/politica-de-cookies\/#breadcrumb\",\"itemListElement\":[{\"@type\":\"ListItem\",\"position\":1,\"name\":\"Portada\",\"item\":\"https:\/\/hotelcentrereus.com\/es\/\"},{\"@type\":\"ListItem\",\"position\":2,\"name\":\"POL\u00cdTICA DE COOKIES\"}]},{\"@type\":\"WebSite\",\"@id\":\"https:\/\/hotelcentrereus.com\/#website\",\"url\":\"https:\/\/hotelcentrereus.com\/\",\"name\":\"Hotel Centre Reus - Hotels One\",\"description\":\"10% DE DESCUENTO AL RESERVAR EN NUESTRA WEB - El Hotel Centre Reus es un hotel peque\u00f1o de 3 estrellas situado en el centro hist\u00f3rico de Reus. Ofrece habitaciones amplias, modernas y elegantes. Con vistas excelentes a la iglesia prioral de Sant Pere.\",\"publisher\":{\"@id\":\"https:\/\/hotelcentrereus.com\/#organization\"},\"alternateName\":\"Hotel Reus\",\"potentialAction\":[{\"@type\":\"SearchAction\",\"target\":{\"@type\":\"EntryPoint\",\"urlTemplate\":\"https:\/\/hotelcentrereus.com\/?s={search_term_string}\"},\"query-input\":{\"@type\":\"PropertyValueSpecification\",\"valueRequired\":true,\"valueName\":\"search_term_string\"}}],\"inLanguage\":\"es\"},{\"@type\":\"Organization\",\"@id\":\"https:\/\/hotelcentrereus.com\/#organization\",\"name\":\"Hotel Centre Reus - Hotels One\",\"alternateName\":\"Hotel Centre\",\"url\":\"https:\/\/hotelcentrereus.com\/\",\"logo\":{\"@type\":\"ImageObject\",\"inLanguage\":\"es\",\"@id\":\"https:\/\/hotelcentrereus.com\/#\/schema\/logo\/image\/\",\"url\":\"https:\/\/hotelcentrereus.com\/wp-content\/uploads\/2024\/06\/Logos-04.png\",\"contentUrl\":\"https:\/\/hotelcentrereus.com\/wp-content\/uploads\/2024\/06\/Logos-04.png\",\"width\":399,\"height\":404,\"caption\":\"Hotel Centre Reus - Hotels One\"},\"image\":{\"@id\":\"https:\/\/hotelcentrereus.com\/#\/schema\/logo\/image\/\"},\"sameAs\":[\"https:\/\/www.facebook.com\/hotelcentrereus2015\",\"https:\/\/x.com\/HotelCentreReus\",\"https:\/\/www.instagram.com\/hotelcentrereus\/\"]}]}<\/script>\n<!-- \/ Yoast SEO plugin. -->","yoast_head_json":{"title":"POL\u00cdTICA DE COOKIES - Hotel Centre Reus - Hotels One","description":"Consulta nuestra pol\u00edtica de cookies. Una cookie es un peque\u00f1o fichero de texto que se almacena en su navegador.","robots":{"index":"index","follow":"follow","max-snippet":"max-snippet:-1","max-image-preview":"max-image-preview:large","max-video-preview":"max-video-preview:-1"},"canonical":"https:\/\/hotelcentrereus.com\/es\/politica-de-cookies\/","og_locale":"es_ES","og_type":"article","og_title":"POL\u00cdTICA DE COOKIES - Hotel Centre Reus - Hotels One","og_description":"Consulta nuestra pol\u00edtica de cookies. Una cookie es un peque\u00f1o fichero de texto que se almacena en su navegador.","og_url":"https:\/\/hotelcentrereus.com\/es\/politica-de-cookies\/","og_site_name":"Hotel Centre Reus - Hotels One","article_publisher":"https:\/\/www.facebook.com\/hotelcentrereus2015","article_modified_time":"2026-02-06T08:45:05+00:00","og_image":[{"width":997,"height":1024,"url":"https:\/\/hotelcentrereus.com\/wp-content\/uploads\/2024\/04\/IMG_0045_1-997x1024.png","type":"image\/png"}],"twitter_misc":{"Tiempo de lectura":"5 minutos"},"schema":{"@context":"https:\/\/schema.org","@graph":[{"@type":"WebPage","@id":"https:\/\/hotelcentrereus.com\/es\/politica-de-cookies\/","url":"https:\/\/hotelcentrereus.com\/es\/politica-de-cookies\/","name":"POL\u00cdTICA DE COOKIES - Hotel Centre Reus - Hotels One","isPartOf":{"@id":"https:\/\/hotelcentrereus.com\/#website"},"datePublished":"2023-09-26T17:21:47+00:00","dateModified":"2026-02-06T08:45:05+00:00","description":"Consulta nuestra pol\u00edtica de cookies. Una cookie es un peque\u00f1o fichero de texto que se almacena en su navegador.","breadcrumb":{"@id":"https:\/\/hotelcentrereus.com\/es\/politica-de-cookies\/#breadcrumb"},"inLanguage":"es","potentialAction":[{"@type":"ReadAction","target":["https:\/\/hotelcentrereus.com\/es\/politica-de-cookies\/"]}]},{"@type":"BreadcrumbList","@id":"https:\/\/hotelcentrereus.com\/es\/politica-de-cookies\/#breadcrumb","itemListElement":[{"@type":"ListItem","position":1,"name":"Portada","item":"https:\/\/hotelcentrereus.com\/es\/"},{"@type":"ListItem","position":2,"name":"POL\u00cdTICA DE COOKIES"}]},{"@type":"WebSite","@id":"https:\/\/hotelcentrereus.com\/#website","url":"https:\/\/hotelcentrereus.com\/","name":"Hotel Centre Reus - Hotels One","description":"10% DE DESCUENTO AL RESERVAR EN NUESTRA WEB - El Hotel Centre Reus es un hotel peque\u00f1o de 3 estrellas situado en el centro hist\u00f3rico de Reus. Ofrece habitaciones amplias, modernas y elegantes. Con vistas excelentes a la iglesia prioral de Sant Pere.","publisher":{"@id":"https:\/\/hotelcentrereus.com\/#organization"},"alternateName":"Hotel Reus","potentialAction":[{"@type":"SearchAction","target":{"@type":"EntryPoint","urlTemplate":"https:\/\/hotelcentrereus.com\/?s={search_term_string}"},"query-input":{"@type":"PropertyValueSpecification","valueRequired":true,"valueName":"search_term_string"}}],"inLanguage":"es"},{"@type":"Organization","@id":"https:\/\/hotelcentrereus.com\/#organization","name":"Hotel Centre Reus - Hotels One","alternateName":"Hotel Centre","url":"https:\/\/hotelcentrereus.com\/","logo":{"@type":"ImageObject","inLanguage":"es","@id":"https:\/\/hotelcentrereus.com\/#\/schema\/logo\/image\/","url":"https:\/\/hotelcentrereus.com\/wp-content\/uploads\/2024\/06\/Logos-04.png","contentUrl":"https:\/\/hotelcentrereus.com\/wp-content\/uploads\/2024\/06\/Logos-04.png","width":399,"height":404,"caption":"Hotel Centre Reus - Hotels One"},"image":{"@id":"https:\/\/hotelcentrereus.com\/#\/schema\/logo\/image\/"},"sameAs":["https:\/\/www.facebook.com\/hotelcentrereus2015","https:\/\/x.com\/HotelCentreReus","https:\/\/www.instagram.com\/hotelcentrereus\/"]}]}},"_links":{"self":[{"href":"https:\/\/hotelcentrereus.com\/es\/wp-json\/wp\/v2\/pages\/15","targetHints":{"allow":["GET"]}}],"collection":[{"href":"https:\/\/hotelcentrereus.com\/es\/wp-json\/wp\/v2\/pages"}],"about":[{"href":"https:\/\/hotelcentrereus.com\/es\/wp-json\/wp\/v2\/types\/page"}],"author":[{"embeddable":true,"href":"https:\/\/hotelcentrereus.com\/es\/wp-json\/wp\/v2\/users\/1"}],"replies":[{"embeddable":true,"href":"https:\/\/hotelcentrereus.com\/es\/wp-json\/wp\/v2\/comments?post=15"}],"version-history":[{"count":5,"href":"https:\/\/hotelcentrereus.com\/es\/wp-json\/wp\/v2\/pages\/15\/revisions"}],"predecessor-version":[{"id":5707,"href":"https:\/\/hotelcentrereus.com\/es\/wp-json\/wp\/v2\/pages\/15\/revisions\/5707"}],"wp:attachment":[{"href":"https:\/\/hotelcentrereus.com\/es\/wp-json\/wp\/v2\/media?parent=15"}],"curies":[{"name":"wp","href":"https:\/\/api.w.org\/{rel}","templated":true}]}}