{"id":4140,"date":"2023-09-26T19:31:59","date_gmt":"2023-09-26T17:31:59","guid":{"rendered":"https:\/\/hotelcentrereus.com\/condiciones-de-reserva\/"},"modified":"2023-12-07T13:30:53","modified_gmt":"2023-12-07T12:30:53","slug":"reservation-conditions","status":"publish","type":"page","link":"https:\/\/hotelcentrereus.com\/en\/reservation-conditions\/","title":{"rendered":"RESERVATION CONDITIONS"},"content":{"rendered":"[et_pb_section fb_built=&#8221;1&#8243; admin_label=&#8221;section&#8221; _builder_version=&#8221;4.16&#8243; global_colors_info=&#8221;{}&#8221;][et_pb_row admin_label=&#8221;row&#8221; _builder_version=&#8221;4.16&#8243; background_size=&#8221;initial&#8221; background_position=&#8221;top_left&#8221; background_repeat=&#8221;repeat&#8221; global_colors_info=&#8221;{}&#8221;][et_pb_column type=&#8221;4_4&#8243; _builder_version=&#8221;4.16&#8243; custom_padding=&#8221;|||&#8221; global_colors_info=&#8221;{}&#8221; custom_padding__hover=&#8221;|||&#8221;][et_pb_text admin_label=&#8221;Text&#8221; _builder_version=&#8221;4.16&#8243; background_size=&#8221;initial&#8221; background_position=&#8221;top_left&#8221; background_repeat=&#8221;repeat&#8221; global_colors_info=&#8221;{}&#8221;]\n<section class=\"elementor-section elementor-top-section elementor-element elementor-element-3a0e2564 elementor-section-boxed elementor-section-height-default elementor-section-height-default\" data-id=\"3a0e2564\" data-element_type=\"section\">\n<div class=\"elementor-container elementor-column-gap-default\">\n<div class=\"elementor-column elementor-col-100 elementor-top-column elementor-element elementor-element-637f530e\" data-id=\"637f530e\" data-element_type=\"column\">\n<div class=\"elementor-widget-wrap elementor-element-populated\">\n<div class=\"elementor-element elementor-element-1ca897d elementor-widget elementor-widget-text-editor\" data-id=\"1ca897d\" data-element_type=\"widget\" data-widget_type=\"text-editor.default\">\n<div class=\"elementor-widget-container\">\n<p><strong>Rights<\/strong><\/p>\n<p>The rights of access, rectification, cancellation and opposition may be exercised in writing accompanied by a copy of your ID addressed to the person in charge of the corresponding file at the address indicated below:<\/p>\n<p><strong>\u2013 HOTELS ONE 2020, S.A. with CIF B43608827 and registered office at GUERAU DE LIOST, 9 43206 REUS.<\/strong><\/p>\n<p><strong>Responsibility of the hotel<\/strong><\/p>\n<p>Access to the page does not in any case imply the existence of a commercial relationship between the user and the company. The portal only provides information on vacant hotel places at the time of requesting said information, so if you make the reservation online, you are contracting directly with the hotel and not with the portal. The printed version of the reservation made serves as a locator when you go to the hotel.<\/p>\n<p>The reservation of hotel nights on this website implies the adhesion and acceptance by the customer of each and every one of the general conditions set out here.<\/p>\n<p>By accepting the following clauses, you declare and agree:<\/p>\n<p>1) Be of legal age and have full capacity to make the reservation, stating that you understand and understand all of the conditions found on the website.<br \/>\n2) That the information provided when making the online reservation is true, complete and concise.<br \/>\n3) Only those pages that appear in the web map are included in the web.<br \/>\n4) That access to this web page is the responsibility of the user.<br \/>\n5) That once the reservation has been made, the electronic document in which it was made will be archived, and you will be able to access it at any time.<br \/>\n6) That confirms the reservation made, that is, the dates indicated, the number of rooms, of people and the hotel chosen.<br \/>\n7) The conditions and price of the reservation made are those expressly determined in the tariff conditions expressly included on the page on which you make the reservation.<br \/>\n8) With regard to the relationship with the portal, it gives you the possibility to reserve rooms at the chosen hotel through its website, but does not offer any kind of hotel service under your responsibility.<br \/>\n9) That your card details are collected in order to guarantee the reservation. The payment of the same will be made in cash at the chosen Hotel and only in the case of cancellations or no-shows (no-shows), the reservation will be canceled and the charge set in the rate conditions.<br \/>\n10) The offers will only be valid during the time they remain accessible to the recipients of the service.<\/p>\n<p><strong>Prices<\/strong><\/p>\n<p>The prices indicated are Sale Prices to the Public I.V. A. included.<\/p>\n<p>The price includes: Price per night depending on the type of room and regime selected, with the exception of hotels in which the inclusion of other services is specifically indicated&#8230;<\/p>\n<p>The price does not include: Any unspecified service in addition to extras such as transfers, tips, phone calls, laundry services, minibar, parking, etc&#8230;<\/p>\n<p>Check-in and check-out time: As a general rule and unless something else is expressly agreed with the establishment, the rooms can be used from 2 p.m. on the day of &#8216;arrival and must be free at 12 noon on the day of departure.<\/p>\n<p><strong>Passports and visas<\/strong><\/p>\n<p>All travelers, without exception (including children), must bring their personal and family documentation in order, be it passport or ID card, according to current legislation. It will be at their expense when such trips require the obtaining of visas, passports, vaccination certificates, etc. Those under the age of 18 must bring a written permission signed by their parents or guardians, in anticipation that the same may be requested by any authority. Case of being refused by some authority the granting of visas, for particular reasons of the user, or being denied entry to the country for lacking the required requirements, or for a defect in the required documentation, or for not being a carrier of this, the hotel declines all responsibility for facts of this nature, being on account of the consumer any expenses that arise, applying in these circumstances the conditions and rules established for the case of no-show.<\/p>\n<\/div>\n<\/div>\n<\/div>\n<\/div>\n<\/div>\n<\/section>\n[\/et_pb_text][\/et_pb_column][\/et_pb_row][\/et_pb_section]\n<span class=\"collapseomatic \" id=\"id69d35c66d17de\"  tabindex=\"0\" title=\"\"    ><\/span><div id=\"target-id69d35c66d17de\" class=\"collapseomatic_content \">\n<a href=\"\/\"><\/a><br \/>\n<a href=\"http:\/\/instagram.com\/hotelcentrereus\"><\/a><br \/>\n<\/div>\n","protected":false},"excerpt":{"rendered":"<p>[et_pb_section fb_built=&#8221;1&#8243; admin_label=&#8221;section&#8221; _builder_version=&#8221;4.16&#8243; global_colors_info=&#8221;{}&#8221;][et_pb_row admin_label=&#8221;row&#8221; _builder_version=&#8221;4.16&#8243; background_size=&#8221;initial&#8221; background_position=&#8221;top_left&#8221; background_repeat=&#8221;repeat&#8221; global_colors_info=&#8221;{}&#8221;][et_pb_column type=&#8221;4_4&#8243; _builder_version=&#8221;4.16&#8243; custom_padding=&#8221;|||&#8221; global_colors_info=&#8221;{}&#8221; custom_padding__hover=&#8221;|||&#8221;][et_pb_text admin_label=&#8221;Text&#8221; _builder_version=&#8221;4.16&#8243; background_size=&#8221;initial&#8221; background_position=&#8221;top_left&#8221; background_repeat=&#8221;repeat&#8221; global_colors_info=&#8221;{}&#8221;] Rights The rights of access, rectification, cancellation and opposition may be exercised in writing accompanied by a copy of your ID addressed to the person in charge of the corresponding file at the [&hellip;]<\/p>\n","protected":false},"author":1,"featured_media":0,"parent":0,"menu_order":0,"comment_status":"closed","ping_status":"closed","template":"","meta":{"_et_pb_use_builder":"","_et_pb_old_content":"<section class=\"elementor-section elementor-top-section elementor-element elementor-element-3a0e2564 elementor-section-boxed elementor-section-height-default elementor-section-height-default\" data-id=\"3a0e2564\" data-element_type=\"section\">\r\n<div class=\"elementor-container elementor-column-gap-default\">\r\n<div class=\"elementor-column elementor-col-100 elementor-top-column elementor-element elementor-element-637f530e\" data-id=\"637f530e\" data-element_type=\"column\">\r\n<div class=\"elementor-widget-wrap elementor-element-populated\">\r\n<div class=\"elementor-element elementor-element-1ca897d elementor-widget elementor-widget-text-editor\" data-id=\"1ca897d\" data-element_type=\"widget\" data-widget_type=\"text-editor.default\">\r\n<div class=\"elementor-widget-container\">\r\n\r\n<strong>Derechos<\/strong>\r\n\r\nLos derechos de acceso, rectificaci\u00f3n, cancelaci\u00f3n y oposici\u00f3n podr\u00e1n ejercitarse mediante escrito acompa\u00f1ado de una copia de su DNI dirigido al responsable del fichero que corresponda en la direcci\u00f3n que m\u00e1s abajo se indica:\r\n\r\n<strong>\u2013 HOTELES ONE 2020, S.A. con CIF B43608827 y domicilio social a GUERAU DE LIOST, 9 43206 REUS.<\/strong>\r\n\r\n<strong>Responsabilidad del hotel<\/strong>\r\n\r\nEl acceso a la p\u00e1gina no supone en ning\u00fan caso la existencia de una relaci\u00f3n comercial entre usuario y la empresa. El portal \u00fanicamente suministra informaci\u00f3n sobre las plazas hoteleras vacantes en el momento de solicitar la mencionada informaci\u00f3n, por lo cual si usted efect\u00faa la reserva en l\u00ednea, est\u00e1 contratando directamente con el hotel y no con el portal. La versi\u00f3n impresa de la reserva efectuada sirve de localizador cuando acuda en el hotel.\r\n\r\nLa reserva de noches de hotel en este sitio web implica la adhesi\u00f3n y aceptaci\u00f3n por parte del cliente de todas y cada una de las condiciones generales aqu\u00ed expuestas.\r\n\r\n<strong>Mediante la aceptaci\u00f3n de las siguientes cl\u00e1usulas, usted declara y acepta:<\/strong>\r\n\r\n1) Ser mayor de edad y disponer de plena capacidad para efectuar la reserva, manifestante que entiende y comprende la totalidad de las condiciones que se encuentran en la p\u00e1gina web.\r\n2) Que los datos suministrados cuando efect\u00faa la reserva en l\u00ednea son verdaderas, completos y concisos.\r\n3) \u00danicamente se encuentran compresas en la web aquellas p\u00e1ginas que figuran dentro del mapa web.\r\n4) Que el acceso en esta p\u00e1gina web es responsabilidad del usuario.\r\n5) Que una vez realizada la reserva se proceder\u00e1 al archivo del documento electr\u00f3nico en que se ha formalizado, usted podr\u00e1 acceder al mismo en cualquier momento.\r\n6) Que confirma la reserva hecha, es decir, las fechas indicadas, el n\u00famero de habitaciones, de personas y el hotel elegido.\r\n7) Las condiciones y precio de la reserva efectuada son los que se determinan expresamente en las condiciones de la tarifa incluidas expresamente en la p\u00e1gina que usted hace la reserva.\r\n8) Respecto a la relaci\u00f3n con el portal, este le da la posibilidad de reservar habitaciones del hotel elegido a trav\u00e9s de su p\u00e1gina web, pero no ofrece ning\u00fan tipo de prestaci\u00f3n hotelera bajo su responsabilidad.\r\n9) Que los datos de su tarjeta se recogen a efectos de garantizar la reserva. El pago de la misma se har\u00e1 en efectivo al Hotel elegido y solo en el caso de cancelaciones o inconparecencias (no shows), se proceder\u00e1 a la anulaci\u00f3n de la reserva y se le efectuar\u00e1 el cargo fijado en las condiciones de la tarifa.\r\n10) Las ofertas solo ser\u00e1n v\u00e1lidas durante el tiempo que permanezcan accesibles en los destinatarios del servicio.\r\n\r\n<strong>Precios<\/strong>\r\n\r\nLos precios que se indican son Precios Venta en el P\u00fablico I.V.A. incluido.\r\n\r\nEl precio incluye: Precio por noche en funci\u00f3n del tipo de habitaci\u00f3n y r\u00e9gimen seleccionados, a excepci\u00f3n de los hoteles en los cuales se indique espec\u00edficamente la inclusi\u00f3n otros servicios...\r\n\r\nEl precio no incluye: Cualquier servicio no especificado adem\u00e1s de extras como por ejemplo traslados, propinas, llamadas telef\u00f3nicas, servicios de lavander\u00eda, minibar, parking, etc\u2026\r\n\r\nHora de entrada (check-in) y de salida (check-out): Como norma general y salvo que expresamente se pacte otra cosa con el establecimiento, las habitaciones podr\u00e1n ser utilizadas a partir de las 14 horas del d\u00eda de llegada y tendr\u00e1n que quedar libres a las 12 horas del d\u00eda de salida.\r\n\r\n<strong>Pasaportes y visados<\/strong>\r\n\r\nTodos los viajeros, sin excepci\u00f3n (ni\u00f1os incluidos), tendr\u00e1n que llevar en regla su documentaci\u00f3n personal y familiar correspondiente, sea el pasaporte o DNI, seg\u00fan la legislaci\u00f3n vigente. Ser\u00e1 por cuenta de los mismos cuando los viajes as\u00ed lo requieran la obtenci\u00f3n de visados, pasaportes, certificados de vacunaci\u00f3n, etc. Los menores de 18 a\u00f1os tienen que llevar un permiso escrito firmado por sus padres o tutores, en previsi\u00f3n que el mismo pueda ser solicitado por cualquier autoridad. Caso de ser rechazada por alguna autoridad la concesi\u00f3n de visados, por causas particulares del usuario, o ser denegada su entrada al pa\u00eds para carecer de los requisitos que se exigen, o por defecto en la documentaci\u00f3n exigida, o por no ser portador de esta, el hotel declina toda responsabilidad por hechos de esta \u00edndole, siente por cuenta del consumidor cualquier gasto que se origine, aplic\u00e1ndose en estas circunstancias las condiciones y normas establecidas para el supuesto de no-show.\r\n\r\n<\/div>\r\n<\/div>\r\n<\/div>\r\n<\/div>\r\n<\/div>\r\n<\/section>","_et_gb_content_width":"","footnotes":""},"class_list":["post-4140","page","type-page","status-publish","hentry"],"yoast_head":"<!-- This site is optimized with the Yoast SEO plugin v26.7 - https:\/\/yoast.com\/wordpress\/plugins\/seo\/ -->\n<title>RESERVATION CONDITIONS - Hotel Centre Reus - Hotels One<\/title>\n<meta name=\"description\" content=\"Here&#039;s a quick guide about the conditions when placing a reservation at Hotel Centre Reus, rights, responsibilities and prices.\" \/>\n<meta name=\"robots\" content=\"index, follow, max-snippet:-1, max-image-preview:large, max-video-preview:-1\" \/>\n<link rel=\"canonical\" href=\"https:\/\/hotelcentrereus.com\/en\/reservation-conditions\/\" \/>\n<meta property=\"og:locale\" content=\"en_US\" \/>\n<meta property=\"og:type\" content=\"article\" \/>\n<meta property=\"og:title\" content=\"RESERVATION CONDITIONS - Hotel Centre Reus - Hotels One\" \/>\n<meta property=\"og:description\" content=\"Here&#039;s a quick guide about the conditions when placing a reservation at Hotel Centre Reus, rights, responsibilities and prices.\" \/>\n<meta property=\"og:url\" content=\"https:\/\/hotelcentrereus.com\/en\/reservation-conditions\/\" \/>\n<meta property=\"og:site_name\" content=\"Hotel Centre Reus - Hotels One\" \/>\n<meta property=\"article:publisher\" content=\"https:\/\/www.facebook.com\/hotelcentrereus2015\" \/>\n<meta property=\"article:modified_time\" content=\"2023-12-07T12:30:53+00:00\" \/>\n<meta property=\"og:image\" content=\"https:\/\/hotelcentrereus.com\/wp-content\/uploads\/2024\/04\/IMG_0045_1-997x1024.png\" \/>\n\t<meta property=\"og:image:width\" content=\"997\" \/>\n\t<meta property=\"og:image:height\" content=\"1024\" \/>\n\t<meta property=\"og:image:type\" content=\"image\/png\" \/>\n<meta name=\"twitter:label1\" content=\"Est. reading time\" \/>\n\t<meta name=\"twitter:data1\" content=\"4 minutes\" \/>\n<script type=\"application\/ld+json\" class=\"yoast-schema-graph\">{\"@context\":\"https:\/\/schema.org\",\"@graph\":[{\"@type\":\"WebPage\",\"@id\":\"https:\/\/hotelcentrereus.com\/en\/reservation-conditions\/\",\"url\":\"https:\/\/hotelcentrereus.com\/en\/reservation-conditions\/\",\"name\":\"RESERVATION CONDITIONS - Hotel Centre Reus - Hotels One\",\"isPartOf\":{\"@id\":\"https:\/\/hotelcentrereus.com\/#website\"},\"datePublished\":\"2023-09-26T17:31:59+00:00\",\"dateModified\":\"2023-12-07T12:30:53+00:00\",\"description\":\"Here's a quick guide about the conditions when placing a reservation at Hotel Centre Reus, rights, responsibilities and prices.\",\"breadcrumb\":{\"@id\":\"https:\/\/hotelcentrereus.com\/en\/reservation-conditions\/#breadcrumb\"},\"inLanguage\":\"en-US\",\"potentialAction\":[{\"@type\":\"ReadAction\",\"target\":[\"https:\/\/hotelcentrereus.com\/en\/reservation-conditions\/\"]}]},{\"@type\":\"BreadcrumbList\",\"@id\":\"https:\/\/hotelcentrereus.com\/en\/reservation-conditions\/#breadcrumb\",\"itemListElement\":[{\"@type\":\"ListItem\",\"position\":1,\"name\":\"Portada\",\"item\":\"https:\/\/hotelcentrereus.com\/en\/\"},{\"@type\":\"ListItem\",\"position\":2,\"name\":\"RESERVATION CONDITIONS\"}]},{\"@type\":\"WebSite\",\"@id\":\"https:\/\/hotelcentrereus.com\/#website\",\"url\":\"https:\/\/hotelcentrereus.com\/\",\"name\":\"Hotel Centre Reus - Hotels One\",\"description\":\"10% DE DESCUENTO AL RESERVAR EN NUESTRA WEB - El Hotel Centre Reus es un hotel peque\u00f1o de 3 estrellas situado en el centro hist\u00f3rico de Reus. Ofrece habitaciones amplias, modernas y elegantes. Con vistas excelentes a la iglesia prioral de Sant Pere.\",\"publisher\":{\"@id\":\"https:\/\/hotelcentrereus.com\/#organization\"},\"alternateName\":\"Hotel Reus\",\"potentialAction\":[{\"@type\":\"SearchAction\",\"target\":{\"@type\":\"EntryPoint\",\"urlTemplate\":\"https:\/\/hotelcentrereus.com\/?s={search_term_string}\"},\"query-input\":{\"@type\":\"PropertyValueSpecification\",\"valueRequired\":true,\"valueName\":\"search_term_string\"}}],\"inLanguage\":\"en-US\"},{\"@type\":\"Organization\",\"@id\":\"https:\/\/hotelcentrereus.com\/#organization\",\"name\":\"Hotel Centre Reus - Hotels One\",\"alternateName\":\"Hotel Centre\",\"url\":\"https:\/\/hotelcentrereus.com\/\",\"logo\":{\"@type\":\"ImageObject\",\"inLanguage\":\"en-US\",\"@id\":\"https:\/\/hotelcentrereus.com\/#\/schema\/logo\/image\/\",\"url\":\"https:\/\/hotelcentrereus.com\/wp-content\/uploads\/2024\/06\/Logos-04.png\",\"contentUrl\":\"https:\/\/hotelcentrereus.com\/wp-content\/uploads\/2024\/06\/Logos-04.png\",\"width\":399,\"height\":404,\"caption\":\"Hotel Centre Reus - Hotels One\"},\"image\":{\"@id\":\"https:\/\/hotelcentrereus.com\/#\/schema\/logo\/image\/\"},\"sameAs\":[\"https:\/\/www.facebook.com\/hotelcentrereus2015\",\"https:\/\/x.com\/HotelCentreReus\",\"https:\/\/www.instagram.com\/hotelcentrereus\/\"]}]}<\/script>\n<!-- \/ Yoast SEO plugin. -->","yoast_head_json":{"title":"RESERVATION CONDITIONS - Hotel Centre Reus - Hotels One","description":"Here's a quick guide about the conditions when placing a reservation at Hotel Centre Reus, rights, responsibilities and prices.","robots":{"index":"index","follow":"follow","max-snippet":"max-snippet:-1","max-image-preview":"max-image-preview:large","max-video-preview":"max-video-preview:-1"},"canonical":"https:\/\/hotelcentrereus.com\/en\/reservation-conditions\/","og_locale":"en_US","og_type":"article","og_title":"RESERVATION CONDITIONS - Hotel Centre Reus - Hotels One","og_description":"Here's a quick guide about the conditions when placing a reservation at Hotel Centre Reus, rights, responsibilities and prices.","og_url":"https:\/\/hotelcentrereus.com\/en\/reservation-conditions\/","og_site_name":"Hotel Centre Reus - Hotels One","article_publisher":"https:\/\/www.facebook.com\/hotelcentrereus2015","article_modified_time":"2023-12-07T12:30:53+00:00","og_image":[{"width":997,"height":1024,"url":"https:\/\/hotelcentrereus.com\/wp-content\/uploads\/2024\/04\/IMG_0045_1-997x1024.png","type":"image\/png"}],"twitter_misc":{"Est. reading time":"4 minutes"},"schema":{"@context":"https:\/\/schema.org","@graph":[{"@type":"WebPage","@id":"https:\/\/hotelcentrereus.com\/en\/reservation-conditions\/","url":"https:\/\/hotelcentrereus.com\/en\/reservation-conditions\/","name":"RESERVATION CONDITIONS - Hotel Centre Reus - Hotels One","isPartOf":{"@id":"https:\/\/hotelcentrereus.com\/#website"},"datePublished":"2023-09-26T17:31:59+00:00","dateModified":"2023-12-07T12:30:53+00:00","description":"Here's a quick guide about the conditions when placing a reservation at Hotel Centre Reus, rights, responsibilities and prices.","breadcrumb":{"@id":"https:\/\/hotelcentrereus.com\/en\/reservation-conditions\/#breadcrumb"},"inLanguage":"en-US","potentialAction":[{"@type":"ReadAction","target":["https:\/\/hotelcentrereus.com\/en\/reservation-conditions\/"]}]},{"@type":"BreadcrumbList","@id":"https:\/\/hotelcentrereus.com\/en\/reservation-conditions\/#breadcrumb","itemListElement":[{"@type":"ListItem","position":1,"name":"Portada","item":"https:\/\/hotelcentrereus.com\/en\/"},{"@type":"ListItem","position":2,"name":"RESERVATION CONDITIONS"}]},{"@type":"WebSite","@id":"https:\/\/hotelcentrereus.com\/#website","url":"https:\/\/hotelcentrereus.com\/","name":"Hotel Centre Reus - Hotels One","description":"10% DE DESCUENTO AL RESERVAR EN NUESTRA WEB - El Hotel Centre Reus es un hotel peque\u00f1o de 3 estrellas situado en el centro hist\u00f3rico de Reus. Ofrece habitaciones amplias, modernas y elegantes. Con vistas excelentes a la iglesia prioral de Sant Pere.","publisher":{"@id":"https:\/\/hotelcentrereus.com\/#organization"},"alternateName":"Hotel Reus","potentialAction":[{"@type":"SearchAction","target":{"@type":"EntryPoint","urlTemplate":"https:\/\/hotelcentrereus.com\/?s={search_term_string}"},"query-input":{"@type":"PropertyValueSpecification","valueRequired":true,"valueName":"search_term_string"}}],"inLanguage":"en-US"},{"@type":"Organization","@id":"https:\/\/hotelcentrereus.com\/#organization","name":"Hotel Centre Reus - Hotels One","alternateName":"Hotel Centre","url":"https:\/\/hotelcentrereus.com\/","logo":{"@type":"ImageObject","inLanguage":"en-US","@id":"https:\/\/hotelcentrereus.com\/#\/schema\/logo\/image\/","url":"https:\/\/hotelcentrereus.com\/wp-content\/uploads\/2024\/06\/Logos-04.png","contentUrl":"https:\/\/hotelcentrereus.com\/wp-content\/uploads\/2024\/06\/Logos-04.png","width":399,"height":404,"caption":"Hotel Centre Reus - Hotels One"},"image":{"@id":"https:\/\/hotelcentrereus.com\/#\/schema\/logo\/image\/"},"sameAs":["https:\/\/www.facebook.com\/hotelcentrereus2015","https:\/\/x.com\/HotelCentreReus","https:\/\/www.instagram.com\/hotelcentrereus\/"]}]}},"_links":{"self":[{"href":"https:\/\/hotelcentrereus.com\/en\/wp-json\/wp\/v2\/pages\/4140","targetHints":{"allow":["GET"]}}],"collection":[{"href":"https:\/\/hotelcentrereus.com\/en\/wp-json\/wp\/v2\/pages"}],"about":[{"href":"https:\/\/hotelcentrereus.com\/en\/wp-json\/wp\/v2\/types\/page"}],"author":[{"embeddable":true,"href":"https:\/\/hotelcentrereus.com\/en\/wp-json\/wp\/v2\/users\/1"}],"replies":[{"embeddable":true,"href":"https:\/\/hotelcentrereus.com\/en\/wp-json\/wp\/v2\/comments?post=4140"}],"version-history":[{"count":6,"href":"https:\/\/hotelcentrereus.com\/en\/wp-json\/wp\/v2\/pages\/4140\/revisions"}],"predecessor-version":[{"id":4373,"href":"https:\/\/hotelcentrereus.com\/en\/wp-json\/wp\/v2\/pages\/4140\/revisions\/4373"}],"wp:attachment":[{"href":"https:\/\/hotelcentrereus.com\/en\/wp-json\/wp\/v2\/media?parent=4140"}],"curies":[{"name":"wp","href":"https:\/\/api.w.org\/{rel}","templated":true}]}}