{"id":4135,"date":"2023-09-26T19:32:45","date_gmt":"2023-09-26T17:32:45","guid":{"rendered":"https:\/\/hotelcentrereus.com\/politica-de-cancelacion\/"},"modified":"2026-02-27T11:32:46","modified_gmt":"2026-02-27T10:32:46","slug":"cancellation-policy","status":"publish","type":"page","link":"https:\/\/hotelcentrereus.com\/en\/cancellation-policy\/","title":{"rendered":"CANCELLATION POLICY"},"content":{"rendered":"[et_pb_section fb_built=&#8221;1&#8243; admin_label=&#8221;section&#8221; _builder_version=&#8221;4.16&#8243; global_colors_info=&#8221;{}&#8221;][et_pb_row admin_label=&#8221;row&#8221; _builder_version=&#8221;4.16&#8243; background_size=&#8221;initial&#8221; background_position=&#8221;top_left&#8221; background_repeat=&#8221;repeat&#8221; global_colors_info=&#8221;{}&#8221;][et_pb_column type=&#8221;4_4&#8243; _builder_version=&#8221;4.16&#8243; custom_padding=&#8221;|||&#8221; global_colors_info=&#8221;{}&#8221; custom_padding__hover=&#8221;|||&#8221;][et_pb_text admin_label=&#8221;Text&#8221; _builder_version=&#8221;4.16&#8243; background_size=&#8221;initial&#8221; background_position=&#8221;top_left&#8221; background_repeat=&#8221;repeat&#8221; global_colors_info=&#8221;{}&#8221;]\n<section class=\"elementor-section elementor-top-section elementor-element elementor-element-35ca1f9f elementor-section-boxed elementor-section-height-default elementor-section-height-default\" data-id=\"35ca1f9f\" data-element_type=\"section\">\n<div class=\"elementor-container elementor-column-gap-default\">\n<div class=\"elementor-column elementor-col-100 elementor-top-column elementor-element elementor-element-52168b14\" data-id=\"52168b14\" data-element_type=\"column\">\n<div class=\"elementor-widget-wrap elementor-element-populated\">\n<div class=\"elementor-element elementor-element-c956923 elementor-widget elementor-widget-text-editor\" data-id=\"c956923\" data-element_type=\"widget\" data-widget_type=\"text-editor.default\">\n<div class=\"elementor-widget-container\">\n<div class=\"flex flex-col text-sm pb-25\">\n<article class=\"text-token-text-primary w-full focus:outline-none [--shadow-height:45px] has-data-writing-block:pointer-events-none has-data-writing-block:-mt-(--shadow-height) has-data-writing-block:pt-(--shadow-height) [&amp;:has([data-writing-block])&gt;*]:pointer-events-auto scroll-mt-[calc(var(--header-height)+min(200px,max(70px,20svh)))]\" dir=\"auto\" tabindex=\"-1\" data-turn-id=\"request-WEB:cef95749-a60d-4e80-9276-11a375301956-10\" data-testid=\"conversation-turn-4\" data-scroll-anchor=\"true\" data-turn=\"assistant\">\n<div class=\"text-base my-auto mx-auto pb-10 [--thread-content-margin:--spacing(4)] @w-sm\/main:[--thread-content-margin:--spacing(6)] @w-lg\/main:[--thread-content-margin:--spacing(16)] px-(--thread-content-margin)\">\n<div class=\"[--thread-content-max-width:40rem] @w-lg\/main:[--thread-content-max-width:48rem] mx-auto max-w-(--thread-content-max-width) flex-1 group\/turn-messages focus-visible:outline-hidden relative flex w-full min-w-0 flex-col agent-turn\" tabindex=\"-1\">\n<div class=\"flex max-w-full flex-col grow\">\n<div class=\"min-h-8 text-message relative flex w-full flex-col items-end gap-2 text-start break-words whitespace-normal [.text-message+&amp;]:mt-1\" dir=\"auto\" data-message-author-role=\"assistant\" data-message-id=\"aed53a72-4289-44b5-b1d1-f74bf2ff9f78\" data-message-model-slug=\"gpt-5-2\">\n<div class=\"flex w-full flex-col gap-1 empty:hidden first:pt-[1px]\">\n<div class=\"markdown prose dark:prose-invert w-full wrap-break-word light markdown-new-styling\">\n<p data-start=\"0\" data-end=\"183\">Cancellations or modifications made up to 24 hours before arrival will not incur any penalty. Reservations may be cancelled or modified until 11:59 a.m. on the day prior to arrival.<\/p>\n<p data-start=\"185\" data-end=\"259\">Group bookings will have special rates and conditions agreed in advance.<\/p>\n<p data-start=\"261\" data-end=\"326\" data-is-last-node=\"\" data-is-only-node=\"\">Check-in time: From 3:00 p.m.<br data-start=\"290\" data-end=\"293\" \/>Check-out time: Before 12:00 p.m.<\/p>\n<\/div>\n<\/div>\n<\/div>\n<\/div>\n<\/div>\n<div class=\"z-0 flex min-h-[46px] justify-start\">\n<article class=\"text-token-text-primary w-full focus:outline-none [--shadow-height:45px] has-data-writing-block:pointer-events-none has-data-writing-block:-mt-(--shadow-height) has-data-writing-block:pt-(--shadow-height) [&amp;:has([data-writing-block])&gt;*]:pointer-events-auto scroll-mt-(--header-height)\" dir=\"auto\" tabindex=\"-1\" data-turn-id=\"19194250-ae39-4709-983a-8c7f4161c7ba\" data-testid=\"conversation-turn-5\" data-scroll-anchor=\"false\" data-turn=\"user\"><\/article>\n<article class=\"text-token-text-primary w-full focus:outline-none [--shadow-height:45px] has-data-writing-block:pointer-events-none has-data-writing-block:-mt-(--shadow-height) has-data-writing-block:pt-(--shadow-height) [&amp;:has([data-writing-block])&gt;*]:pointer-events-auto scroll-mt-[calc(var(--header-height)+min(200px,max(70px,20svh)))]\" dir=\"auto\" tabindex=\"-1\" data-turn-id=\"request-WEB:e422a337-a56c-4df4-9022-91851f628bd9-26\" data-testid=\"conversation-turn-6\" data-scroll-anchor=\"true\" data-turn=\"assistant\">\n<div class=\"text-base my-auto mx-auto pb-10 [--thread-content-margin:--spacing(4)] @w-sm\/main:[--thread-content-margin:--spacing(6)] @w-lg\/main:[--thread-content-margin:--spacing(16)] px-(--thread-content-margin)\">\n<div class=\"[--thread-content-max-width:40rem] @w-lg\/main:[--thread-content-max-width:48rem] mx-auto max-w-(--thread-content-max-width) flex-1 group\/turn-messages focus-visible:outline-hidden relative flex w-full min-w-0 flex-col agent-turn\" tabindex=\"-1\">\n<div class=\"flex max-w-full flex-col grow\">\n<div class=\"min-h-8 text-message relative flex w-full flex-col items-end gap-2 text-start break-words whitespace-normal [.text-message+&amp;]:mt-1\" dir=\"auto\" data-message-author-role=\"assistant\" data-message-id=\"b61000a9-6801-47a7-90c2-4f42e8e863fa\" data-message-model-slug=\"gpt-5-2\">\n<div class=\"flex w-full flex-col gap-1 empty:hidden first:pt-[1px]\">\n<div class=\"markdown prose dark:prose-invert w-full wrap-break-word light markdown-new-styling\">\n<p>&nbsp;<\/p>\n<p>&nbsp;<\/p>\n<p><strong>CANCELLATIONS ONCE CHECK-IN HAS BEEN COMPLETED<\/strong><\/p>\n<p data-start=\"48\" data-end=\"478\" data-is-last-node=\"\" data-is-only-node=\"\">During the stay, the guest may cancel their reservation and leave earlier than planned, taking into account that there are previously informed cancellation clauses. If the reservation was made through a travel agency or a website other than the hotel\u2019s own website, the guest must contact them directly and consult their policies. For non-refundable reservations, checks or vouchers, no refund will be issued; the penalty is 100%.<\/p>\n<\/div>\n<\/div>\n<\/div>\n<\/div>\n<\/div>\n<\/div>\n<\/article>\n<\/div>\n<\/div>\n<\/article>\n<\/div>\n<p>&nbsp;<\/p>\n<\/div>\n<\/div>\n<\/div>\n<\/div>\n<\/div>\n<\/section>\n[\/et_pb_text][\/et_pb_column][\/et_pb_row][\/et_pb_section]\n<span class=\"collapseomatic \" id=\"id69d774ebc3380\"  tabindex=\"0\" title=\"\"    ><\/span><div id=\"target-id69d774ebc3380\" class=\"collapseomatic_content \">\n<p>&nbsp;<\/p>\n<p><img alt=\"cancellation\" \/><\/p>\n<\/div>\n","protected":false},"excerpt":{"rendered":"<p>[et_pb_section fb_built=&#8221;1&#8243; admin_label=&#8221;section&#8221; _builder_version=&#8221;4.16&#8243; global_colors_info=&#8221;{}&#8221;][et_pb_row admin_label=&#8221;row&#8221; _builder_version=&#8221;4.16&#8243; background_size=&#8221;initial&#8221; background_position=&#8221;top_left&#8221; background_repeat=&#8221;repeat&#8221; global_colors_info=&#8221;{}&#8221;][et_pb_column type=&#8221;4_4&#8243; _builder_version=&#8221;4.16&#8243; custom_padding=&#8221;|||&#8221; global_colors_info=&#8221;{}&#8221; custom_padding__hover=&#8221;|||&#8221;][et_pb_text admin_label=&#8221;Text&#8221; _builder_version=&#8221;4.16&#8243; background_size=&#8221;initial&#8221; background_position=&#8221;top_left&#8221; background_repeat=&#8221;repeat&#8221; global_colors_info=&#8221;{}&#8221;] Cancellations or modifications made up to 24 hours before arrival will not incur any penalty. Reservations may be cancelled or modified until 11:59 a.m. on the day prior to arrival. Group bookings will [&hellip;]<\/p>\n","protected":false},"author":1,"featured_media":0,"parent":0,"menu_order":0,"comment_status":"closed","ping_status":"closed","template":"","meta":{"_et_pb_use_builder":"off","_et_pb_old_content":"<section class=\"elementor-section elementor-top-section elementor-element elementor-element-35ca1f9f elementor-section-boxed elementor-section-height-default elementor-section-height-default\" data-id=\"35ca1f9f\" data-element_type=\"section\">\r\n<div class=\"elementor-container elementor-column-gap-default\">\r\n<div class=\"elementor-column elementor-col-100 elementor-top-column elementor-element elementor-element-52168b14\" data-id=\"52168b14\" data-element_type=\"column\">\r\n<div class=\"elementor-widget-wrap elementor-element-populated\">\r\n<div class=\"elementor-element elementor-element-c956923 elementor-widget elementor-widget-text-editor\" data-id=\"c956923\" data-element_type=\"widget\" data-widget_type=\"text-editor.default\">\r\n<div class=\"elementor-widget-container\">\r\n\r\nCancelaciones efectuadas hasta 24 horas antes de la llegada no se cobrar\u00e1 penalizaci\u00f3n.\r\n\r\nCancelaciones efectuadas despu\u00e9s de las 24horas antes de la llegada, el hotel cobrar\u00e1 el valor total de una noche.\r\n\r\nEn caso de no presentaci\u00f3n o salida anticipada, ser\u00e1 cobrado el valor total de la reserva.\r\n\r\nHora de entrada : A partir de las 15:00 h\r\n\r\nHora de salida : Hasta las 12:00 h\r\n\r\nCANCELACIONES UNA VEZ TRAMITADO EL CHECK-IN\r\nDurante el plazo de alojamiento el cliente puede cancelar su estancia e irse antes de lo previsto teniendo en cuenta que existen unas cl\u00e1usulas de cancelaci\u00f3n previamente informadas. En caso que la reserva la haya tramitado una agencia de viajes, deber\u00e1 ponerse en contacto con ellos y consultar las pol\u00edticas de \u00e9sta. En las reservas no reembolsables, cheques o bonos, no existe devoluci\u00f3n del dinero, la penalizaci\u00f3n es del 100 %.\r\n\r\n<\/div>\r\n<\/div>\r\n<\/div>\r\n<\/div>\r\n<\/div>\r\n<\/section>","_et_gb_content_width":"","footnotes":""},"class_list":["post-4135","page","type-page","status-publish","hentry"],"yoast_head":"<!-- This site is optimized with the Yoast SEO plugin v26.7 - https:\/\/yoast.com\/wordpress\/plugins\/seo\/ -->\n<title>CANCELLATION POLICY - Hotel Centre Reus - Hotels One<\/title>\n<meta name=\"description\" content=\"The client can cancel their stay and leave earlier, taking into account that there are previously informed cancellation clauses.\" \/>\n<meta name=\"robots\" content=\"index, follow, max-snippet:-1, max-image-preview:large, max-video-preview:-1\" \/>\n<link rel=\"canonical\" href=\"https:\/\/hotelcentrereus.com\/en\/cancellation-policy\/\" \/>\n<meta property=\"og:locale\" content=\"en_US\" \/>\n<meta property=\"og:type\" content=\"article\" \/>\n<meta property=\"og:title\" content=\"CANCELLATION POLICY - Hotel Centre Reus - Hotels One\" \/>\n<meta property=\"og:description\" content=\"The client can cancel their stay and leave earlier, taking into account that there are previously informed cancellation clauses.\" \/>\n<meta property=\"og:url\" content=\"https:\/\/hotelcentrereus.com\/en\/cancellation-policy\/\" \/>\n<meta property=\"og:site_name\" content=\"Hotel Centre Reus - Hotels One\" \/>\n<meta property=\"article:publisher\" content=\"https:\/\/www.facebook.com\/hotelcentrereus2015\" \/>\n<meta property=\"article:modified_time\" content=\"2026-02-27T10:32:46+00:00\" \/>\n<meta property=\"og:image\" content=\"https:\/\/hotelcentrereus.com\/wp-content\/uploads\/2024\/04\/IMG_0045_1-997x1024.png\" \/>\n\t<meta property=\"og:image:width\" content=\"997\" \/>\n\t<meta property=\"og:image:height\" content=\"1024\" \/>\n\t<meta property=\"og:image:type\" content=\"image\/png\" \/>\n<meta name=\"twitter:label1\" content=\"Est. reading time\" \/>\n\t<meta name=\"twitter:data1\" content=\"1 minute\" \/>\n<script type=\"application\/ld+json\" class=\"yoast-schema-graph\">{\"@context\":\"https:\/\/schema.org\",\"@graph\":[{\"@type\":\"WebPage\",\"@id\":\"https:\/\/hotelcentrereus.com\/en\/cancellation-policy\/\",\"url\":\"https:\/\/hotelcentrereus.com\/en\/cancellation-policy\/\",\"name\":\"CANCELLATION POLICY - Hotel Centre Reus - Hotels One\",\"isPartOf\":{\"@id\":\"https:\/\/hotelcentrereus.com\/#website\"},\"datePublished\":\"2023-09-26T17:32:45+00:00\",\"dateModified\":\"2026-02-27T10:32:46+00:00\",\"description\":\"The client can cancel their stay and leave earlier, taking into account that there are previously informed cancellation clauses.\",\"breadcrumb\":{\"@id\":\"https:\/\/hotelcentrereus.com\/en\/cancellation-policy\/#breadcrumb\"},\"inLanguage\":\"en-US\",\"potentialAction\":[{\"@type\":\"ReadAction\",\"target\":[\"https:\/\/hotelcentrereus.com\/en\/cancellation-policy\/\"]}]},{\"@type\":\"BreadcrumbList\",\"@id\":\"https:\/\/hotelcentrereus.com\/en\/cancellation-policy\/#breadcrumb\",\"itemListElement\":[{\"@type\":\"ListItem\",\"position\":1,\"name\":\"Portada\",\"item\":\"https:\/\/hotelcentrereus.com\/en\/\"},{\"@type\":\"ListItem\",\"position\":2,\"name\":\"CANCELLATION POLICY\"}]},{\"@type\":\"WebSite\",\"@id\":\"https:\/\/hotelcentrereus.com\/#website\",\"url\":\"https:\/\/hotelcentrereus.com\/\",\"name\":\"Hotel Centre Reus - Hotels One\",\"description\":\"10% DE DESCUENTO AL RESERVAR EN NUESTRA WEB - El Hotel Centre Reus es un hotel peque\u00f1o de 3 estrellas situado en el centro hist\u00f3rico de Reus. Ofrece habitaciones amplias, modernas y elegantes. Con vistas excelentes a la iglesia prioral de Sant Pere.\",\"publisher\":{\"@id\":\"https:\/\/hotelcentrereus.com\/#organization\"},\"alternateName\":\"Hotel Reus\",\"potentialAction\":[{\"@type\":\"SearchAction\",\"target\":{\"@type\":\"EntryPoint\",\"urlTemplate\":\"https:\/\/hotelcentrereus.com\/?s={search_term_string}\"},\"query-input\":{\"@type\":\"PropertyValueSpecification\",\"valueRequired\":true,\"valueName\":\"search_term_string\"}}],\"inLanguage\":\"en-US\"},{\"@type\":\"Organization\",\"@id\":\"https:\/\/hotelcentrereus.com\/#organization\",\"name\":\"Hotel Centre Reus - Hotels One\",\"alternateName\":\"Hotel Centre\",\"url\":\"https:\/\/hotelcentrereus.com\/\",\"logo\":{\"@type\":\"ImageObject\",\"inLanguage\":\"en-US\",\"@id\":\"https:\/\/hotelcentrereus.com\/#\/schema\/logo\/image\/\",\"url\":\"https:\/\/hotelcentrereus.com\/wp-content\/uploads\/2024\/06\/Logos-04.png\",\"contentUrl\":\"https:\/\/hotelcentrereus.com\/wp-content\/uploads\/2024\/06\/Logos-04.png\",\"width\":399,\"height\":404,\"caption\":\"Hotel Centre Reus - Hotels One\"},\"image\":{\"@id\":\"https:\/\/hotelcentrereus.com\/#\/schema\/logo\/image\/\"},\"sameAs\":[\"https:\/\/www.facebook.com\/hotelcentrereus2015\",\"https:\/\/x.com\/HotelCentreReus\",\"https:\/\/www.instagram.com\/hotelcentrereus\/\"]}]}<\/script>\n<!-- \/ Yoast SEO plugin. -->","yoast_head_json":{"title":"CANCELLATION POLICY - Hotel Centre Reus - Hotels One","description":"The client can cancel their stay and leave earlier, taking into account that there are previously informed cancellation clauses.","robots":{"index":"index","follow":"follow","max-snippet":"max-snippet:-1","max-image-preview":"max-image-preview:large","max-video-preview":"max-video-preview:-1"},"canonical":"https:\/\/hotelcentrereus.com\/en\/cancellation-policy\/","og_locale":"en_US","og_type":"article","og_title":"CANCELLATION POLICY - Hotel Centre Reus - Hotels One","og_description":"The client can cancel their stay and leave earlier, taking into account that there are previously informed cancellation clauses.","og_url":"https:\/\/hotelcentrereus.com\/en\/cancellation-policy\/","og_site_name":"Hotel Centre Reus - Hotels One","article_publisher":"https:\/\/www.facebook.com\/hotelcentrereus2015","article_modified_time":"2026-02-27T10:32:46+00:00","og_image":[{"width":997,"height":1024,"url":"https:\/\/hotelcentrereus.com\/wp-content\/uploads\/2024\/04\/IMG_0045_1-997x1024.png","type":"image\/png"}],"twitter_misc":{"Est. reading time":"1 minute"},"schema":{"@context":"https:\/\/schema.org","@graph":[{"@type":"WebPage","@id":"https:\/\/hotelcentrereus.com\/en\/cancellation-policy\/","url":"https:\/\/hotelcentrereus.com\/en\/cancellation-policy\/","name":"CANCELLATION POLICY - Hotel Centre Reus - Hotels One","isPartOf":{"@id":"https:\/\/hotelcentrereus.com\/#website"},"datePublished":"2023-09-26T17:32:45+00:00","dateModified":"2026-02-27T10:32:46+00:00","description":"The client can cancel their stay and leave earlier, taking into account that there are previously informed cancellation clauses.","breadcrumb":{"@id":"https:\/\/hotelcentrereus.com\/en\/cancellation-policy\/#breadcrumb"},"inLanguage":"en-US","potentialAction":[{"@type":"ReadAction","target":["https:\/\/hotelcentrereus.com\/en\/cancellation-policy\/"]}]},{"@type":"BreadcrumbList","@id":"https:\/\/hotelcentrereus.com\/en\/cancellation-policy\/#breadcrumb","itemListElement":[{"@type":"ListItem","position":1,"name":"Portada","item":"https:\/\/hotelcentrereus.com\/en\/"},{"@type":"ListItem","position":2,"name":"CANCELLATION POLICY"}]},{"@type":"WebSite","@id":"https:\/\/hotelcentrereus.com\/#website","url":"https:\/\/hotelcentrereus.com\/","name":"Hotel Centre Reus - Hotels One","description":"10% DE DESCUENTO AL RESERVAR EN NUESTRA WEB - El Hotel Centre Reus es un hotel peque\u00f1o de 3 estrellas situado en el centro hist\u00f3rico de Reus. Ofrece habitaciones amplias, modernas y elegantes. Con vistas excelentes a la iglesia prioral de Sant Pere.","publisher":{"@id":"https:\/\/hotelcentrereus.com\/#organization"},"alternateName":"Hotel Reus","potentialAction":[{"@type":"SearchAction","target":{"@type":"EntryPoint","urlTemplate":"https:\/\/hotelcentrereus.com\/?s={search_term_string}"},"query-input":{"@type":"PropertyValueSpecification","valueRequired":true,"valueName":"search_term_string"}}],"inLanguage":"en-US"},{"@type":"Organization","@id":"https:\/\/hotelcentrereus.com\/#organization","name":"Hotel Centre Reus - Hotels One","alternateName":"Hotel Centre","url":"https:\/\/hotelcentrereus.com\/","logo":{"@type":"ImageObject","inLanguage":"en-US","@id":"https:\/\/hotelcentrereus.com\/#\/schema\/logo\/image\/","url":"https:\/\/hotelcentrereus.com\/wp-content\/uploads\/2024\/06\/Logos-04.png","contentUrl":"https:\/\/hotelcentrereus.com\/wp-content\/uploads\/2024\/06\/Logos-04.png","width":399,"height":404,"caption":"Hotel Centre Reus - Hotels One"},"image":{"@id":"https:\/\/hotelcentrereus.com\/#\/schema\/logo\/image\/"},"sameAs":["https:\/\/www.facebook.com\/hotelcentrereus2015","https:\/\/x.com\/HotelCentreReus","https:\/\/www.instagram.com\/hotelcentrereus\/"]}]}},"_links":{"self":[{"href":"https:\/\/hotelcentrereus.com\/en\/wp-json\/wp\/v2\/pages\/4135","targetHints":{"allow":["GET"]}}],"collection":[{"href":"https:\/\/hotelcentrereus.com\/en\/wp-json\/wp\/v2\/pages"}],"about":[{"href":"https:\/\/hotelcentrereus.com\/en\/wp-json\/wp\/v2\/types\/page"}],"author":[{"embeddable":true,"href":"https:\/\/hotelcentrereus.com\/en\/wp-json\/wp\/v2\/users\/1"}],"replies":[{"embeddable":true,"href":"https:\/\/hotelcentrereus.com\/en\/wp-json\/wp\/v2\/comments?post=4135"}],"version-history":[{"count":15,"href":"https:\/\/hotelcentrereus.com\/en\/wp-json\/wp\/v2\/pages\/4135\/revisions"}],"predecessor-version":[{"id":5795,"href":"https:\/\/hotelcentrereus.com\/en\/wp-json\/wp\/v2\/pages\/4135\/revisions\/5795"}],"wp:attachment":[{"href":"https:\/\/hotelcentrereus.com\/en\/wp-json\/wp\/v2\/media?parent=4135"}],"curies":[{"name":"wp","href":"https:\/\/api.w.org\/{rel}","templated":true}]}}